{"id":589,"date":"2024-10-13T20:36:20","date_gmt":"2024-10-13T20:36:20","guid":{"rendered":"https:\/\/hikkistore.com\/?post_type=product&#038;p=589"},"modified":"2026-01-08T18:12:24","modified_gmt":"2026-01-08T18:12:24","slug":"kitami-black-and-white-fishbone-kimono-jacket","status":"publish","type":"product","link":"https:\/\/hikkistore.com\/pl\/shop\/kitami-black-and-white-fishbone-kimono-jacket\/","title":{"rendered":"Czarno-bia\u0142a kurtka kimono z rybi\u0105 o\u015bci\u0105 Kitami"},"content":{"rendered":"<p class=\"preFade fadeIn\">Przytulna jesienna kurtka kimono z bocznymi kieszeniami. D\u0142ugo\u015b\u0107 kimona wynosi 62 cm, a szeroko\u015b\u0107 90 cm.<\/p>\n<p class=\"preFade fadeIn\">+ Jeden rozmiar<br \/>\n+ Unisex<br \/>\n+ R\u0119cznie wykonane<\/p>","protected":false},"excerpt":{"rendered":"<p>A cozy autumn kimono jacket with side pockets. The kimono length is 62 cm and width is 90 cm. + [&hellip;]<\/p>\n","protected":false},"featured_media":592,"template":"","meta":{"site-sidebar-layout":"default","site-content-layout":"","ast-site-content-layout":"default","site-content-style":"default","site-sidebar-style":"default","ast-global-header-display":"","ast-banner-title-visibility":"","ast-main-header-display":"","ast-hfb-above-header-display":"","ast-hfb-below-header-display":"","ast-hfb-mobile-header-display":"","site-post-title":"","ast-breadcrumbs-content":"","ast-featured-img":"","footer-sml-layout":"","ast-disable-related-posts":"","theme-transparent-header-meta":"default","adv-header-id-meta":"","stick-header-meta":"","header-above-stick-meta":"","header-main-stick-meta":"","header-below-stick-meta":"","astra-migrate-meta-layouts":"set","ast-page-background-enabled":"default","ast-page-background-meta":{"desktop":{"background-color":"var(--ast-global-color-4)","background-image":"","background-repeat":"repeat","background-position":"center center","background-size":"auto","background-attachment":"scroll","background-type":"","background-media":"","overlay-type":"","overlay-color":"","overlay-opacity":"","overlay-gradient":""},"tablet":{"background-color":"","background-image":"","background-repeat":"repeat","background-position":"center center","background-size":"auto","background-attachment":"scroll","background-type":"","background-media":"","overlay-type":"","overlay-color":"","overlay-opacity":"","overlay-gradient":""},"mobile":{"background-color":"","background-image":"","background-repeat":"repeat","background-position":"center center","background-size":"auto","background-attachment":"scroll","background-type":"","background-media":"","overlay-type":"","overlay-color":"","overlay-opacity":"","overlay-gradient":""}},"ast-content-background-meta":{"desktop":{"background-color":"var(--ast-global-color-5)","background-image":"","background-repeat":"repeat","background-position":"center center","background-size":"auto","background-attachment":"scroll","background-type":"","background-media":"","overlay-type":"","overlay-color":"","overlay-opacity":"","overlay-gradient":""},"tablet":{"background-color":"var(--ast-global-color-5)","background-image":"","background-repeat":"repeat","background-position":"center center","background-size":"auto","background-attachment":"scroll","background-type":"","background-media":"","overlay-type":"","overlay-color":"","overlay-opacity":"","overlay-gradient":""},"mobile":{"background-color":"var(--ast-global-color-5)","background-image":"","background-repeat":"repeat","background-position":"center center","background-size":"auto","background-attachment":"scroll","background-type":"","background-media":"","overlay-type":"","overlay-color":"","overlay-opacity":"","overlay-gradient":""}}},"product_brand":[],"product_cat":[16],"product_tag":[],"class_list":{"0":"post-589","1":"product","2":"type-product","3":"status-publish","4":"has-post-thumbnail","6":"product_cat-kimonos","7":"desktop-align-left","8":"tablet-align-left","9":"mobile-align-left","11":"first","12":"outofstock","13":"taxable","14":"shipping-taxable","15":"purchasable","16":"product-type-simple"},"_links":{"self":[{"href":"https:\/\/hikkistore.com\/pl\/wp-json\/wp\/v2\/product\/589","targetHints":{"allow":["GET"]}}],"collection":[{"href":"https:\/\/hikkistore.com\/pl\/wp-json\/wp\/v2\/product"}],"about":[{"href":"https:\/\/hikkistore.com\/pl\/wp-json\/wp\/v2\/types\/product"}],"version-history":[{"count":1,"href":"https:\/\/hikkistore.com\/pl\/wp-json\/wp\/v2\/product\/589\/revisions"}],"predecessor-version":[{"id":596,"href":"https:\/\/hikkistore.com\/pl\/wp-json\/wp\/v2\/product\/589\/revisions\/596"}],"wp:featuredmedia":[{"embeddable":true,"href":"https:\/\/hikkistore.com\/pl\/wp-json\/wp\/v2\/media\/592"}],"wp:attachment":[{"href":"https:\/\/hikkistore.com\/pl\/wp-json\/wp\/v2\/media?parent=589"}],"wp:term":[{"taxonomy":"product_brand","embeddable":true,"href":"https:\/\/hikkistore.com\/pl\/wp-json\/wp\/v2\/product_brand?post=589"},{"taxonomy":"product_cat","embeddable":true,"href":"https:\/\/hikkistore.com\/pl\/wp-json\/wp\/v2\/product_cat?post=589"},{"taxonomy":"product_tag","embeddable":true,"href":"https:\/\/hikkistore.com\/pl\/wp-json\/wp\/v2\/product_tag?post=589"}],"curies":[{"name":"wp","href":"https:\/\/api.w.org\/{rel}","templated":true}]}}