{"id":275,"date":"2024-09-25T09:17:18","date_gmt":"2024-09-25T09:17:18","guid":{"rendered":"https:\/\/hikkistore.com\/product\/nakatane-long-red-kimono\/"},"modified":"2024-12-11T11:14:34","modified_gmt":"2024-12-11T11:14:34","slug":"nakatane-long-red-kimono","status":"publish","type":"product","link":"https:\/\/hikkistore.com\/pl\/shop\/nakatane-long-red-kimono\/","title":{"rendered":"D\u0142ugie czerwone kimono Nakatane"},"content":{"rendered":"<p class=\"\" style=\"white-space: pre-wrap;\">Lekkie kimono z lnu i wiskozy, kt\u00f3re pi\u0119knie uk\u0142ada si\u0119 na ka\u017cdej sylwetce. W zestawie z paskiem. D\u0142ugo\u015b\u0107 kimona wynosi 112 cm.<\/p>\n<p class=\"\" style=\"white-space: pre-wrap;\">+ Jeden rozmiar<br \/>\n+ Unisex<br \/>\n+ R\u0119cznie wykonane<\/p>","protected":false},"excerpt":{"rendered":"<p>Lightweight linen and viscose kimono, that drapes beautifully on any kind of body shape. Comes with a belt. Kimono length [&hellip;]<\/p>\n","protected":false},"featured_media":408,"template":"","meta":{"site-sidebar-layout":"default","site-content-layout":"","ast-site-content-layout":"default","site-content-style":"default","site-sidebar-style":"default","ast-global-header-display":"","ast-banner-title-visibility":"","ast-main-header-display":"","ast-hfb-above-header-display":"","ast-hfb-below-header-display":"","ast-hfb-mobile-header-display":"","site-post-title":"","ast-breadcrumbs-content":"","ast-featured-img":"","footer-sml-layout":"","ast-disable-related-posts":"","theme-transparent-header-meta":"default","adv-header-id-meta":"","stick-header-meta":"","header-above-stick-meta":"","header-main-stick-meta":"","header-below-stick-meta":"","astra-migrate-meta-layouts":"set","ast-page-background-enabled":"default","ast-page-background-meta":{"desktop":{"background-color":"var(--ast-global-color-4)","background-image":"","background-repeat":"repeat","background-position":"center center","background-size":"auto","background-attachment":"scroll","background-type":"","background-media":"","overlay-type":"","overlay-color":"","overlay-opacity":"","overlay-gradient":""},"tablet":{"background-color":"","background-image":"","background-repeat":"repeat","background-position":"center center","background-size":"auto","background-attachment":"scroll","background-type":"","background-media":"","overlay-type":"","overlay-color":"","overlay-opacity":"","overlay-gradient":""},"mobile":{"background-color":"","background-image":"","background-repeat":"repeat","background-position":"center center","background-size":"auto","background-attachment":"scroll","background-type":"","background-media":"","overlay-type":"","overlay-color":"","overlay-opacity":"","overlay-gradient":""}},"ast-content-background-meta":{"desktop":{"background-color":"var(--ast-global-color-5)","background-image":"","background-repeat":"repeat","background-position":"center center","background-size":"auto","background-attachment":"scroll","background-type":"","background-media":"","overlay-type":"","overlay-color":"","overlay-opacity":"","overlay-gradient":""},"tablet":{"background-color":"var(--ast-global-color-5)","background-image":"","background-repeat":"repeat","background-position":"center center","background-size":"auto","background-attachment":"scroll","background-type":"","background-media":"","overlay-type":"","overlay-color":"","overlay-opacity":"","overlay-gradient":""},"mobile":{"background-color":"var(--ast-global-color-5)","background-image":"","background-repeat":"repeat","background-position":"center center","background-size":"auto","background-attachment":"scroll","background-type":"","background-media":"","overlay-type":"","overlay-color":"","overlay-opacity":"","overlay-gradient":""}}},"product_brand":[],"product_cat":[16],"product_tag":[],"class_list":{"0":"post-275","1":"product","2":"type-product","3":"status-publish","4":"has-post-thumbnail","6":"product_cat-kimonos","7":"desktop-align-left","8":"tablet-align-left","9":"mobile-align-left","11":"first","12":"instock","13":"taxable","14":"shipping-taxable","15":"purchasable","16":"product-type-simple"},"_links":{"self":[{"href":"https:\/\/hikkistore.com\/pl\/wp-json\/wp\/v2\/product\/275","targetHints":{"allow":["GET"]}}],"collection":[{"href":"https:\/\/hikkistore.com\/pl\/wp-json\/wp\/v2\/product"}],"about":[{"href":"https:\/\/hikkistore.com\/pl\/wp-json\/wp\/v2\/types\/product"}],"version-history":[{"count":1,"href":"https:\/\/hikkistore.com\/pl\/wp-json\/wp\/v2\/product\/275\/revisions"}],"predecessor-version":[{"id":410,"href":"https:\/\/hikkistore.com\/pl\/wp-json\/wp\/v2\/product\/275\/revisions\/410"}],"wp:featuredmedia":[{"embeddable":true,"href":"https:\/\/hikkistore.com\/pl\/wp-json\/wp\/v2\/media\/408"}],"wp:attachment":[{"href":"https:\/\/hikkistore.com\/pl\/wp-json\/wp\/v2\/media?parent=275"}],"wp:term":[{"taxonomy":"product_brand","embeddable":true,"href":"https:\/\/hikkistore.com\/pl\/wp-json\/wp\/v2\/product_brand?post=275"},{"taxonomy":"product_cat","embeddable":true,"href":"https:\/\/hikkistore.com\/pl\/wp-json\/wp\/v2\/product_cat?post=275"},{"taxonomy":"product_tag","embeddable":true,"href":"https:\/\/hikkistore.com\/pl\/wp-json\/wp\/v2\/product_tag?post=275"}],"curies":[{"name":"wp","href":"https:\/\/api.w.org\/{rel}","templated":true}]}}