{"id":247,"date":"2024-09-25T09:16:35","date_gmt":"2024-09-25T09:16:35","guid":{"rendered":"https:\/\/hikkistore.com\/product\/amami-light-grey-dress\/"},"modified":"2024-12-11T11:27:26","modified_gmt":"2024-12-11T11:27:26","slug":"amami-light-grey-dress","status":"publish","type":"product","link":"https:\/\/hikkistore.com\/pl\/shop\/amami-light-grey-dress\/","title":{"rendered":"Sukienka Amami w kolorze jasnoszarym"},"content":{"rendered":"<p class=\"\" style=\"white-space: pre-wrap;\">Lekka sukienka w kszta\u0142cie litery A wykonana w 30% z lnu i 70% z wiskozy. Kr\u00f3tki r\u0119kaw i kieszenie. D\u0142ugo\u015b\u0107 sukienki wynosi 112 cm.<\/p>\n<p class=\"\" style=\"white-space: pre-wrap;\">+ Odzie\u017c damska<br \/>\n+ Jeden rozmiar<br \/>\n+ R\u0119cznie wykonane<\/p>","protected":false},"excerpt":{"rendered":"<p>Lightweight A-shaped dress made with 30% linen and 70% viscose. Short sleeve and pockets. The dress length is 112 cm. [&hellip;]<\/p>\n","protected":false},"featured_media":503,"template":"","meta":{"site-sidebar-layout":"default","site-content-layout":"","ast-site-content-layout":"default","site-content-style":"default","site-sidebar-style":"default","ast-global-header-display":"","ast-banner-title-visibility":"","ast-main-header-display":"","ast-hfb-above-header-display":"","ast-hfb-below-header-display":"","ast-hfb-mobile-header-display":"","site-post-title":"","ast-breadcrumbs-content":"","ast-featured-img":"","footer-sml-layout":"","ast-disable-related-posts":"","theme-transparent-header-meta":"default","adv-header-id-meta":"","stick-header-meta":"","header-above-stick-meta":"","header-main-stick-meta":"","header-below-stick-meta":"","astra-migrate-meta-layouts":"set","ast-page-background-enabled":"default","ast-page-background-meta":{"desktop":{"background-color":"var(--ast-global-color-4)","background-image":"","background-repeat":"repeat","background-position":"center center","background-size":"auto","background-attachment":"scroll","background-type":"","background-media":"","overlay-type":"","overlay-color":"","overlay-opacity":"","overlay-gradient":""},"tablet":{"background-color":"","background-image":"","background-repeat":"repeat","background-position":"center center","background-size":"auto","background-attachment":"scroll","background-type":"","background-media":"","overlay-type":"","overlay-color":"","overlay-opacity":"","overlay-gradient":""},"mobile":{"background-color":"","background-image":"","background-repeat":"repeat","background-position":"center center","background-size":"auto","background-attachment":"scroll","background-type":"","background-media":"","overlay-type":"","overlay-color":"","overlay-opacity":"","overlay-gradient":""}},"ast-content-background-meta":{"desktop":{"background-color":"var(--ast-global-color-5)","background-image":"","background-repeat":"repeat","background-position":"center center","background-size":"auto","background-attachment":"scroll","background-type":"","background-media":"","overlay-type":"","overlay-color":"","overlay-opacity":"","overlay-gradient":""},"tablet":{"background-color":"var(--ast-global-color-5)","background-image":"","background-repeat":"repeat","background-position":"center center","background-size":"auto","background-attachment":"scroll","background-type":"","background-media":"","overlay-type":"","overlay-color":"","overlay-opacity":"","overlay-gradient":""},"mobile":{"background-color":"var(--ast-global-color-5)","background-image":"","background-repeat":"repeat","background-position":"center center","background-size":"auto","background-attachment":"scroll","background-type":"","background-media":"","overlay-type":"","overlay-color":"","overlay-opacity":"","overlay-gradient":""}}},"product_brand":[],"product_cat":[21],"product_tag":[],"class_list":{"0":"post-247","1":"product","2":"type-product","3":"status-publish","4":"has-post-thumbnail","6":"product_cat-dresses","7":"desktop-align-left","8":"tablet-align-left","9":"mobile-align-left","11":"first","12":"instock","13":"taxable","14":"shipping-taxable","15":"purchasable","16":"product-type-simple"},"_links":{"self":[{"href":"https:\/\/hikkistore.com\/pl\/wp-json\/wp\/v2\/product\/247","targetHints":{"allow":["GET"]}}],"collection":[{"href":"https:\/\/hikkistore.com\/pl\/wp-json\/wp\/v2\/product"}],"about":[{"href":"https:\/\/hikkistore.com\/pl\/wp-json\/wp\/v2\/types\/product"}],"version-history":[{"count":1,"href":"https:\/\/hikkistore.com\/pl\/wp-json\/wp\/v2\/product\/247\/revisions"}],"predecessor-version":[{"id":508,"href":"https:\/\/hikkistore.com\/pl\/wp-json\/wp\/v2\/product\/247\/revisions\/508"}],"wp:featuredmedia":[{"embeddable":true,"href":"https:\/\/hikkistore.com\/pl\/wp-json\/wp\/v2\/media\/503"}],"wp:attachment":[{"href":"https:\/\/hikkistore.com\/pl\/wp-json\/wp\/v2\/media?parent=247"}],"wp:term":[{"taxonomy":"product_brand","embeddable":true,"href":"https:\/\/hikkistore.com\/pl\/wp-json\/wp\/v2\/product_brand?post=247"},{"taxonomy":"product_cat","embeddable":true,"href":"https:\/\/hikkistore.com\/pl\/wp-json\/wp\/v2\/product_cat?post=247"},{"taxonomy":"product_tag","embeddable":true,"href":"https:\/\/hikkistore.com\/pl\/wp-json\/wp\/v2\/product_tag?post=247"}],"curies":[{"name":"wp","href":"https:\/\/api.w.org\/{rel}","templated":true}]}}