{"id":227,"date":"2024-09-25T09:16:10","date_gmt":"2024-09-25T09:16:10","guid":{"rendered":"https:\/\/hikkistore.com\/product\/akkeshi-grey-woolen-coat\/"},"modified":"2025-12-01T12:31:18","modified_gmt":"2025-12-01T12:31:18","slug":"akkeshi-grey-woolen-coat","status":"publish","type":"product","link":"https:\/\/hikkistore.com\/pl\/shop\/akkeshi-grey-woolen-coat\/","title":{"rendered":"Szary we\u0142niany p\u0142aszcz Akkeshi"},"content":{"rendered":"<p class=\"\" style=\"white-space: pre-wrap;\">P\u0142aszcz oversize w kolorze szarym wykonany z czystej nowej we\u0142ny. Szeroko\u015b\u0107 p\u0142aszcza zapinanego na guziki na p\u0142asko wynosi 90 cm, d\u0142ugo\u015b\u0107 115 cm, a d\u0142ugo\u015b\u0107 r\u0119kawa 55 cm.<\/p>\n<p class=\"\" style=\"white-space: pre-wrap;\">+ Jeden rozmiar<br \/>\n+ Unisex<br \/>\n+ 100% we\u0142na<\/p>","protected":false},"excerpt":{"rendered":"<p>An oversized coat in grey made from pure new wool. The width of a buttoned down coat laying flat is [&hellip;]<\/p>\n","protected":false},"featured_media":571,"template":"","meta":{"site-sidebar-layout":"default","site-content-layout":"","ast-site-content-layout":"default","site-content-style":"default","site-sidebar-style":"default","ast-global-header-display":"","ast-banner-title-visibility":"","ast-main-header-display":"","ast-hfb-above-header-display":"","ast-hfb-below-header-display":"","ast-hfb-mobile-header-display":"","site-post-title":"","ast-breadcrumbs-content":"","ast-featured-img":"","footer-sml-layout":"","ast-disable-related-posts":"","theme-transparent-header-meta":"default","adv-header-id-meta":"","stick-header-meta":"","header-above-stick-meta":"","header-main-stick-meta":"","header-below-stick-meta":"","astra-migrate-meta-layouts":"set","ast-page-background-enabled":"default","ast-page-background-meta":{"desktop":{"background-color":"var(--ast-global-color-4)","background-image":"","background-repeat":"repeat","background-position":"center center","background-size":"auto","background-attachment":"scroll","background-type":"","background-media":"","overlay-type":"","overlay-color":"","overlay-opacity":"","overlay-gradient":""},"tablet":{"background-color":"","background-image":"","background-repeat":"repeat","background-position":"center center","background-size":"auto","background-attachment":"scroll","background-type":"","background-media":"","overlay-type":"","overlay-color":"","overlay-opacity":"","overlay-gradient":""},"mobile":{"background-color":"","background-image":"","background-repeat":"repeat","background-position":"center center","background-size":"auto","background-attachment":"scroll","background-type":"","background-media":"","overlay-type":"","overlay-color":"","overlay-opacity":"","overlay-gradient":""}},"ast-content-background-meta":{"desktop":{"background-color":"var(--ast-global-color-5)","background-image":"","background-repeat":"repeat","background-position":"center center","background-size":"auto","background-attachment":"scroll","background-type":"","background-media":"","overlay-type":"","overlay-color":"","overlay-opacity":"","overlay-gradient":""},"tablet":{"background-color":"var(--ast-global-color-5)","background-image":"","background-repeat":"repeat","background-position":"center center","background-size":"auto","background-attachment":"scroll","background-type":"","background-media":"","overlay-type":"","overlay-color":"","overlay-opacity":"","overlay-gradient":""},"mobile":{"background-color":"var(--ast-global-color-5)","background-image":"","background-repeat":"repeat","background-position":"center center","background-size":"auto","background-attachment":"scroll","background-type":"","background-media":"","overlay-type":"","overlay-color":"","overlay-opacity":"","overlay-gradient":""}}},"product_brand":[],"product_cat":[19],"product_tag":[],"class_list":{"0":"post-227","1":"product","2":"type-product","3":"status-publish","4":"has-post-thumbnail","6":"product_cat-coats","7":"desktop-align-left","8":"tablet-align-left","9":"mobile-align-left","11":"first","12":"instock","13":"taxable","14":"shipping-taxable","15":"purchasable","16":"product-type-simple"},"_links":{"self":[{"href":"https:\/\/hikkistore.com\/pl\/wp-json\/wp\/v2\/product\/227","targetHints":{"allow":["GET"]}}],"collection":[{"href":"https:\/\/hikkistore.com\/pl\/wp-json\/wp\/v2\/product"}],"about":[{"href":"https:\/\/hikkistore.com\/pl\/wp-json\/wp\/v2\/types\/product"}],"version-history":[{"count":1,"href":"https:\/\/hikkistore.com\/pl\/wp-json\/wp\/v2\/product\/227\/revisions"}],"predecessor-version":[{"id":575,"href":"https:\/\/hikkistore.com\/pl\/wp-json\/wp\/v2\/product\/227\/revisions\/575"}],"wp:featuredmedia":[{"embeddable":true,"href":"https:\/\/hikkistore.com\/pl\/wp-json\/wp\/v2\/media\/571"}],"wp:attachment":[{"href":"https:\/\/hikkistore.com\/pl\/wp-json\/wp\/v2\/media?parent=227"}],"wp:term":[{"taxonomy":"product_brand","embeddable":true,"href":"https:\/\/hikkistore.com\/pl\/wp-json\/wp\/v2\/product_brand?post=227"},{"taxonomy":"product_cat","embeddable":true,"href":"https:\/\/hikkistore.com\/pl\/wp-json\/wp\/v2\/product_cat?post=227"},{"taxonomy":"product_tag","embeddable":true,"href":"https:\/\/hikkistore.com\/pl\/wp-json\/wp\/v2\/product_tag?post=227"}],"curies":[{"name":"wp","href":"https:\/\/api.w.org\/{rel}","templated":true}]}}