{"id":899,"date":"2024-10-19T19:27:26","date_gmt":"2024-10-19T19:27:26","guid":{"rendered":"https:\/\/hikkistore.com\/?page_id=899"},"modified":"2024-10-30T12:49:07","modified_gmt":"2024-10-30T12:49:07","slug":"privacy-notice","status":"publish","type":"page","link":"https:\/\/hikkistore.com\/pl\/privacy-notice\/","title":{"rendered":"Polityka prywatno\u015bci"},"content":{"rendered":"<div data-elementor-type=\"wp-page\" data-elementor-id=\"899\" class=\"elementor elementor-899\">\n\t\t\t\t<div class=\"elementor-element elementor-element-a10090c e-con-full e-flex e-con e-parent\" data-id=\"a10090c\" data-element_type=\"container\" data-e-type=\"container\">\n\t\t<div class=\"elementor-element elementor-element-48b7d8a e-con-full e-flex e-con e-child\" data-id=\"48b7d8a\" data-element_type=\"container\" data-e-type=\"container\">\n\t\t\t\t<div class=\"elementor-element elementor-element-bed1817 elementor-widget elementor-widget-heading\" data-id=\"bed1817\" data-element_type=\"widget\" data-e-type=\"widget\" data-widget_type=\"heading.default\">\n\t\t\t\t<div class=\"elementor-widget-container\">\n\t\t\t\t\t<h1 class=\"elementor-heading-title elementor-size-default\">Polityka prywatno\u015bci<\/h1>\t\t\t\t<\/div>\n\t\t\t\t<\/div>\n\t\t<div class=\"elementor-element elementor-element-966f62c e-con-full e-flex e-con e-child\" data-id=\"966f62c\" data-element_type=\"container\" data-e-type=\"container\">\n\t\t\t\t<div class=\"elementor-element elementor-element-100ae6e elementor-widget elementor-widget-text-editor\" data-id=\"100ae6e\" data-element_type=\"widget\" data-e-type=\"widget\" data-widget_type=\"text-editor.default\">\n\t\t\t\t<div class=\"elementor-widget-container\">\n\t\t\t\t\t\t\t\t\t<p>Informacja o ochronie prywatno\u015bci\nDane osobowe to wszelkiego rodzaju informacje, kt\u00f3re mo\u017cna bezpo\u015brednio lub po\u015brednio przypisa\u0107 do u\u017cytkownika. Przyk\u0142adami danych osobowych s\u0105 imi\u0119 i nazwisko, adres, adres e-mail, numer telefonu, informacje dotycz\u0105ce p\u0142atno\u015bci i zam\u00f3wienia. Historia u\u017cytkowania, adres IP, identyfikator cz\u0142onka s\u0105 r\u00f3wnie\u017c przyk\u0142adami danych osobowych, podobnie jak inne rodzaje informacji podawanych podczas kontaktu z naszym dzia\u0142em obs\u0142ugi klienta.<\/p><p>Robi\u0105c u nas zakupy, powierzasz nam swoje dane. Ochrona danych osobowych i prywatno\u015bci u\u017cytkownik\u00f3w ma dla HIKKI najwy\u017cszy priorytet. Wa\u017cne jest dla nas, aby zapewni\u0107 u\u017cytkownikom jasne i przejrzyste informacje na temat gromadzonych przez nas danych osobowych, dlaczego s\u0105 one potrzebne, w jaki spos\u00f3b s\u0105 wykorzystywane i jakie prawa przys\u0142uguj\u0105 u\u017cytkownikom w odniesieniu do nich.<\/p><p>Administratorem Pani\/Pana danych osobowych jest HIKKI Katarzyna Wilanowska, prowadz\u0105ca jednoosobow\u0105 dzia\u0142alno\u015b\u0107 gospodarcz\u0105, zarejestrowan\u0105 pod adresem Genera\u0142a J\u00f3zefa Bema 27\/50 w Gdyni (81-381), o numerze NIP: PL9581613860.<\/p><p>Nie wolno nam gromadzi\u0107, przetwarza\u0107, wykorzystywa\u0107 ani przechowywa\u0107 danych osobowych bez wa\u017cnej podstawy prawnej. Zgodno\u015b\u0107 z prawem mo\u017ce wynika\u0107 z nast\u0119puj\u0105cych podstaw:<\/p><ul><li>Zgoda: Gdy u\u017cytkownik wyrazi na to zgod\u0119, b\u0119dziemy przetwarza\u0107 jego dane osobowe w okre\u015blonym celu, na kt\u00f3ry u\u017cytkownik wyrazi\u0142 zgod\u0119. Ta podstawa jest na przyk\u0142ad wykorzystywana, gdy u\u017cytkownik prosi nas o przes\u0142anie mu jednego z naszych biuletyn\u00f3w z ofertami i aktualizacjami stylu.<\/li><li>Umowa: Podczas udost\u0119pniania u\u017cytkownikowi produkt\u00f3w i us\u0142ug b\u0119dziemy przetwarza\u0107 jego dane osobowe niezb\u0119dne do realizacji umowy (takiej jak umowa zakupu) z u\u017cytkownikiem oraz do wype\u0142nienia wszelkich zobowi\u0105za\u0144 wynikaj\u0105cych z tej umowy.<\/li><li>Uzasadniony interes: Mo\u017cemy przetwarza\u0107 dane osobowe u\u017cytkownika, gdy jest to konieczne dla naszych uzasadnionych interes\u00f3w i gdy interesy te nie przewa\u017caj\u0105 nad prawami i interesami u\u017cytkownika. Obejmuje to przetwarzanie w celach takich jak wsparcie obs\u0142ugi klienta, ulepszanie lub rozwijanie naszych produkt\u00f3w i us\u0142ug; oraz w celach bezpiecze\u0144stwa, w tym zapobiegania oszustwom.<\/li><li>Wym\u00f3g prawny: Ilekro\u0107 przetwarzanie danych osobowych u\u017cytkownika jest dla nas niezb\u0119dne do wype\u0142nienia naszych zobowi\u0105za\u0144 prawnych kraju prowadzenia dzia\u0142alno\u015bci.<\/li><\/ul><p>W przypadku ka\u017cdego konkretnego celu przetwarzania danych osobowych poinformujemy u\u017cytkownika, kt\u00f3ra z powy\u017cszych podstaw prawnych b\u0119dzie mia\u0142a zastosowanie.<\/p><p>B\u0119dziemy przetwarza\u0107 dane osobowe u\u017cytkownika na potrzeby zakup\u00f3w online, aby m\u00f3c przetwarza\u0107 zam\u00f3wienia i obs\u0142ugiwa\u0107 transakcje p\u0142atnicze.<\/p><p>Aby m\u00f3c zarz\u0105dza\u0107 dostawami, roszczeniami, sprawami gwarancyjnymi, zwrotami i refundacjami w bezpieczny i skuteczny spos\u00f3b oraz aby m\u00f3c powiadamia\u0107 u\u017cytkownika o szczeg\u00f3\u0142ach i statusie takich spraw.<\/p><p>Aby m\u00f3c dostarcza\u0107 i monitorowa\u0107 \u017c\u0105dane us\u0142ugi, w tym kody rabatowe, na stronie internetowej lub w aplikacji, identyfikowa\u0107 u\u017cytkownika i kontaktowa\u0107 si\u0119 z nim w razie potrzeby.<\/p><p>B\u0119dziemy przetwarza\u0107 dane osobowe u\u017cytkownika w celach marketingowych, aby m\u00f3c generowa\u0107 i dystrybuowa\u0107 materia\u0142y marketingowe, takie jak biuletyny, w tym rekomendacje dotycz\u0105ce stylu i zakup\u00f3w oraz powiadomienia push, za po\u015brednictwem wielu kana\u0142\u00f3w komunikacji.<\/p><p>Marketing i promocje b\u0119d\u0105 wysy\u0142ane i wy\u015bwietlane u\u017cytkownikowi zgodnie z jego preferencjami za po\u015brednictwem wiadomo\u015bci e-mail, wiadomo\u015bci tekstowych i poczty tradycyjnej, a tak\u017ce wy\u015bwietlane w kana\u0142ach medi\u00f3w spo\u0142eczno\u015bciowych lub w przegl\u0105darce internetowej.<\/p><p>B\u0119dziemy przetwarza\u0107 dane osobowe u\u017cytkownika w celach zwi\u0105zanych z obs\u0142ug\u0105 klienta, aby m\u00f3c zarz\u0105dza\u0107 pytaniami u\u017cytkownika, rozpatrywa\u0107 reklamacje i sprawy gwarancyjne oraz zapewnia\u0107 wsparcie techniczne, a tak\u017ce w celu poprawy obs\u0142ugi klienta.<\/p><p>Aby m\u00f3c skontaktowa\u0107 si\u0119 z u\u017cytkownikiem, w razie potrzeby, za po\u015brednictwem poczty elektronicznej, telefonu, medi\u00f3w spo\u0142eczno\u015bciowych lub w inny spos\u00f3b, w odpowiedzi na pytania dotycz\u0105ce zam\u00f3wienia, dostawy lub zwrotu, lub aby poprosi\u0107 o udzia\u0142 w ankiecie klienta.<\/p><p>Dane osobowe u\u017cytkownika s\u0105 dost\u0119pne wy\u0142\u0105cznie dla os\u00f3b, kt\u00f3re potrzebuj\u0105 tych danych do realizacji zamierzonego celu przetwarzania. Mo\u017cemy udost\u0119pnia\u0107 dane osobowe u\u017cytkownika podwykonawcom, partnerom i innym stronom trzecim, gdy jest to konieczne do realizacji zamierzonego celu przetwarzania. Dane osobowe, kt\u00f3re zbieramy od u\u017cytkownika, s\u0105 przetwarzane w kraju Unii Europejskiej lub Europejskiego Obszaru Gospodarczego (\"UE\/EOG\").<\/p><p>Ochrona danych jest prawem podstawowym, a u\u017cytkownikowi przys\u0142uguje kilka praw zgodnie z obowi\u0105zuj\u0105cymi przepisami o ochronie danych. Prawa te s\u0105 nast\u0119puj\u0105ce:<\/p><p><strong>Prawo dost\u0119pu:<\/strong> U\u017cytkownik ma prawo w dowolnym momencie za\u017c\u0105da\u0107 informacji na temat przechowywanych przez nas jego danych osobowych.<\/p><p><strong>Prawo do przenoszenia danych:<\/strong> Za ka\u017cdym razem, gdy przetwarzamy Twoje dane osobowe, w spos\u00f3b zautomatyzowany na podstawie Twojej zgody lub na podstawie umowy, masz prawo do uzyskania kopii swoich danych przekazanych Tobie lub innemu podmiotowi. Dotyczy to wy\u0142\u0105cznie danych osobowych przekazanych nam przez u\u017cytkownika.<\/p><p><strong>Prawo do sprostowania:<\/strong> U\u017cytkownik ma prawo za\u017c\u0105da\u0107 sprostowania swoich danych osobowych, je\u015bli informacje te s\u0105 nieprawid\u0142owe, w tym prawo do uzupe\u0142nienia niekompletnych danych osobowych.<\/p><p><strong>Prawo do usuni\u0119cia danych:<\/strong> U\u017cytkownik ma prawo do usuni\u0119cia wszelkich przetwarzanych przez nas danych osobowych w dowolnym momencie, z wyj\u0105tkiem nast\u0119puj\u0105cych sytuacji:<\/p><ul><li>masz otwart\u0105 spraw\u0119 z Dzia\u0142em Obs\u0142ugi Klienta<\/li><li>masz otwarte zam\u00f3wienie<\/li><li>masz z nami nieuzgodniony rachunek<\/li><li>je\u015bli u\u017cytkownik dokona\u0142 zakupu, b\u0119dziemy przechowywa\u0107 jego dane osobowe w zwi\u0105zku z transakcj\u0105 do cel\u00f3w ksi\u0119gowych<\/li><\/ul><p><strong>Prawo do ograniczenia:<\/strong> U\u017cytkownik ma prawo za\u017c\u0105da\u0107 od nas ograniczenia przetwarzania jego danych osobowych w nast\u0119puj\u0105cych okoliczno\u015bciach:<\/p><ul><li>je\u015bli u\u017cytkownik sprzeciwi si\u0119 przetwarzaniu danych w oparciu o nasz uzasadniony interes, ograniczymy wszelkie przetwarzanie takich danych do czasu weryfikacji uzasadnionego interesu.<\/li><li>je\u015bli u\u017cytkownik twierdzi, \u017ce jego dane osobowe s\u0105 nieprawid\u0142owe, musimy ograniczy\u0107 wszelkie przetwarzanie takich danych do czasu weryfikacji dok\u0142adno\u015bci danych osobowych.<\/li><li>je\u015bli przetwarzanie jest niezgodne z prawem, u\u017cytkownik mo\u017ce sprzeciwi\u0107 si\u0119 usuni\u0119ciu danych osobowych i zamiast tego za\u017c\u0105da\u0107 ograniczenia ich wykorzystywania<\/li><li>je\u015bli nie potrzebujemy ju\u017c danych osobowych, ale s\u0105 one wymagane przez u\u017cytkownika w celu obrony roszcze\u0144 prawnych.<\/li><\/ul><p><strong>Prawo do wycofania zgody:<\/strong> W odniesieniu do ka\u017cdego celu przetwarzania, na kt\u00f3ry u\u017cytkownik wyrazi\u0142 zgod\u0119, ma on prawo wycofa\u0107 swoj\u0105 zgod\u0119 w dowolnym momencie. Je\u015bli to zrobisz, zaprzestaniemy przetwarzania Twoich danych osobowych w tym konkretnym celu.<\/p><p>Je\u015bli jednak u\u017cytkownik nadal otrzymuje od nas komunikacj\u0119 marketingow\u0105 wy\u015bwietlan\u0105 w kanale medi\u00f3w spo\u0142eczno\u015bciowych lub przegl\u0105darce internetowej, jest to kwestia wy\u0142\u0105cznie mi\u0119dzy u\u017cytkownikiem a dostawc\u0105 platformy.<\/p><p>U\u017cytkownik mo\u017ce odwo\u0142a\u0107 swoj\u0105 zgod\u0119 lub sprzeciwi\u0107 si\u0119 dalszej komunikacji marketingowej w nast\u0119puj\u0105cy spos\u00f3b:<\/p><ul><li>post\u0119puj\u0105c zgodnie z instrukcjami w ka\u017cdym po\u015bcie marketingowym<\/li><li>edytuj\u0105c ustawienia swojego konta<\/li><li>skonfigurowa\u0107 ustawienia prywatno\u015bci na koncie w mediach spo\u0142eczno\u015bciowych lub w przegl\u0105darce<\/li><li>kontakt z dzia\u0142em obs\u0142ugi klienta<\/li><li>wy\u0142\u0105czenie konta i\/lub programu cz\u0142onkowskiego\/lojalno\u015bciowego<\/li><\/ul><p><strong>Prawo do sprzeciwu wobec przetwarzania opartego na naszym uzasadnionym interesie:<\/strong> U\u017cytkownik ma prawo sprzeciwi\u0107 si\u0119 przetwarzaniu jego danych osobowych, kt\u00f3re opiera si\u0119 na naszym uzasadnionym interesie. Nie b\u0119dziemy kontynuowa\u0107 przetwarzania danych osobowych, chyba \u017ce b\u0119dziemy w stanie wykaza\u0107 uzasadnione podstawy przetwarzania, kt\u00f3re s\u0105 nadrz\u0119dne wobec interes\u00f3w i praw u\u017cytkownika lub z powodu roszcze\u0144 prawnych.<\/p><p>Je\u015bli chcesz skorzysta\u0107 ze swoich praw, mo\u017cesz skontaktowa\u0107 si\u0119 z nami w dowolnym momencie, je\u015bli masz jakiekolwiek pytania dotycz\u0105ce naszej polityki prywatno\u015bci lub przetwarzania Twoich danych: customerservice@hikkistore.com.<\/p><p>\u00a0<\/p>\t\t\t\t\t\t\t\t<\/div>\n\t\t\t\t<\/div>\n\t\t\t\t<\/div>\n\t\t\t\t<\/div>\n\t\t\t\t<\/div>\n\t\t\t\t<\/div>","protected":false},"excerpt":{"rendered":"<p>Privacy Notice Personal data is any kind of information that can be directly or indirectly attributed to you. Examples of [&hellip;]<\/p>\n","protected":false},"author":2,"featured_media":0,"parent":0,"menu_order":0,"comment_status":"closed","ping_status":"closed","template":"elementor_header_footer","meta":{"site-sidebar-layout":"default","site-content-layout":"","ast-site-content-layout":"default","site-content-style":"default","site-sidebar-style":"default","ast-global-header-display":"","ast-banner-title-visibility":"","ast-main-header-display":"","ast-hfb-above-header-display":"","ast-hfb-below-header-display":"","ast-hfb-mobile-header-display":"","site-post-title":"","ast-breadcrumbs-content":"","ast-featured-img":"","footer-sml-layout":"","ast-disable-related-posts":"","theme-transparent-header-meta":"","adv-header-id-meta":"","stick-header-meta":"","header-above-stick-meta":"","header-main-stick-meta":"","header-below-stick-meta":"","astra-migrate-meta-layouts":"default","ast-page-background-enabled":"default","ast-page-background-meta":{"desktop":{"background-color":"var(--ast-global-color-4)","background-image":"","background-repeat":"repeat","background-position":"center center","background-size":"auto","background-attachment":"scroll","background-type":"","background-media":"","overlay-type":"","overlay-color":"","overlay-opacity":"","overlay-gradient":""},"tablet":{"background-color":"","background-image":"","background-repeat":"repeat","background-position":"center center","background-size":"auto","background-attachment":"scroll","background-type":"","background-media":"","overlay-type":"","overlay-color":"","overlay-opacity":"","overlay-gradient":""},"mobile":{"background-color":"","background-image":"","background-repeat":"repeat","background-position":"center center","background-size":"auto","background-attachment":"scroll","background-type":"","background-media":"","overlay-type":"","overlay-color":"","overlay-opacity":"","overlay-gradient":""}},"ast-content-background-meta":{"desktop":{"background-color":"var(--ast-global-color-5)","background-image":"","background-repeat":"repeat","background-position":"center center","background-size":"auto","background-attachment":"scroll","background-type":"","background-media":"","overlay-type":"","overlay-color":"","overlay-opacity":"","overlay-gradient":""},"tablet":{"background-color":"var(--ast-global-color-5)","background-image":"","background-repeat":"repeat","background-position":"center center","background-size":"auto","background-attachment":"scroll","background-type":"","background-media":"","overlay-type":"","overlay-color":"","overlay-opacity":"","overlay-gradient":""},"mobile":{"background-color":"var(--ast-global-color-5)","background-image":"","background-repeat":"repeat","background-position":"center center","background-size":"auto","background-attachment":"scroll","background-type":"","background-media":"","overlay-type":"","overlay-color":"","overlay-opacity":"","overlay-gradient":""}},"footnotes":""},"class_list":["post-899","page","type-page","status-publish","hentry"],"rttpg_featured_image_url":null,"rttpg_author":{"display_name":"elina","author_link":"https:\/\/hikkistore.com\/pl\/author\/elina\/"},"rttpg_comment":0,"rttpg_category":null,"rttpg_excerpt":"Privacy Notice Personal data is any kind of information that can be directly or indirectly attributed to you. Examples of [&hellip;]","_links":{"self":[{"href":"https:\/\/hikkistore.com\/pl\/wp-json\/wp\/v2\/pages\/899","targetHints":{"allow":["GET"]}}],"collection":[{"href":"https:\/\/hikkistore.com\/pl\/wp-json\/wp\/v2\/pages"}],"about":[{"href":"https:\/\/hikkistore.com\/pl\/wp-json\/wp\/v2\/types\/page"}],"author":[{"embeddable":true,"href":"https:\/\/hikkistore.com\/pl\/wp-json\/wp\/v2\/users\/2"}],"replies":[{"embeddable":true,"href":"https:\/\/hikkistore.com\/pl\/wp-json\/wp\/v2\/comments?post=899"}],"version-history":[{"count":11,"href":"https:\/\/hikkistore.com\/pl\/wp-json\/wp\/v2\/pages\/899\/revisions"}],"predecessor-version":[{"id":1291,"href":"https:\/\/hikkistore.com\/pl\/wp-json\/wp\/v2\/pages\/899\/revisions\/1291"}],"wp:attachment":[{"href":"https:\/\/hikkistore.com\/pl\/wp-json\/wp\/v2\/media?parent=899"}],"curies":[{"name":"wp","href":"https:\/\/api.w.org\/{rel}","templated":true}]}}