{"id":721,"date":"2024-10-15T07:11:28","date_gmt":"2024-10-15T07:11:28","guid":{"rendered":"https:\/\/hikkistore.com\/?page_id=721"},"modified":"2024-10-30T12:41:51","modified_gmt":"2024-10-30T12:41:51","slug":"journal","status":"publish","type":"page","link":"https:\/\/hikkistore.com\/pl\/journal\/","title":{"rendered":"\u017burnal"},"content":{"rendered":"<div data-elementor-type=\"wp-page\" data-elementor-id=\"721\" class=\"elementor elementor-721\">\n\t\t\t\t<div class=\"elementor-element elementor-element-bca2c4a e-con-full e-flex e-con e-parent\" data-id=\"bca2c4a\" data-element_type=\"container\" data-e-type=\"container\">\n\t\t\t\t<div class=\"elementor-element elementor-element-386c110 elementor-widget elementor-widget-heading\" data-id=\"386c110\" data-element_type=\"widget\" data-e-type=\"widget\" data-widget_type=\"heading.default\">\n\t\t\t\t<div class=\"elementor-widget-container\">\n\t\t\t\t\t<h2 class=\"elementor-heading-title elementor-size-default\">\u017burnal<\/h2>\t\t\t\t<\/div>\n\t\t\t\t<\/div>\n\t\t\t\t<div class=\"elementor-element elementor-element-16f01cf tpg-el-box-border-disable elementor-widget__width-inherit journal-grid meta-visibility-show title_position_default title_hover_border_default title-default img_hover_animation_default meta_position_default grid-hover-overlay-type-always tpg-border-bottom-disable elementor-widget elementor-widget-tpg-grid-layout\" data-id=\"16f01cf\" data-element_type=\"widget\" data-e-type=\"widget\" data-widget_type=\"tpg-grid-layout.default\">\n\t\t\t\t<div class=\"elementor-widget-container\">\n\t\t\t\t\t\t\t<div class=\"rt-container-fluid rt-tpg-container tpg-el-main-wrapper clearfix grid-layout4-main\"\n\t\t\t id=\"rt-tpg-container-242904617\"\n\t\t\t data-layout=\"grid-layout4\"\n\t\t\t data-grid-style=\"tpg-full-height\"\n\t\t\t data-sc-id=\"elementor\"\n\t\t\t data-el-settings=''\n\t\t\t data-el-query=''\n\t\t\t data-el-path=''\n\t\t>\n\t\t\t\t\t\t<div class='tpg-header-wrapper'>\n\t\t\t\t\t\t\t<\/div>\n\n\t\t\t<div data-title=\"Loading ...\" class=\"rt-row rt-content-loader grid-layout4 grid-behaviour tpg-full-height grid_layout_wrapper\">\n\t\t\t\t\n<div class=\"rt-col-md-6 rt-col-sm-6 rt-col-xs-12 default rt-grid-item\" data-id=\"757\">\n\t<div class=\"rt-holder tpg-post-holder\">\n\t\t<div class=\"rt-detail rt-el-content-wrapper\">\n\t\t\t\t\t\t\t<div class=\"rt-img-holder tpg-el-image-wrap has-thumbnail\">\n\t\t\t\t\t<a data-id=\"757\" href=\"https:\/\/hikkistore.com\/pl\/new-styles-added-to-the-autumn-winter-collection\/\" class=\"tpg-post-link\" target=\"_self\">                        <img fetchpriority=\"high\" decoding=\"async\" src=\"https:\/\/hikkistore.com\/wp-content\/uploads\/2024\/10\/Hikki_100924_plener_2421-768x1152.jpg\"\n                             class=\"rt-img-responsive\"\n                             width=\"768\"\n                             height=\"1152\"\n                             alt=\"New Styles Added to the Autumn-Winter Collection\">\n                        \n                            \n        <\/a>\n                <div class=\"overlay grid-hover-content\"><\/div>\n        \t\t\t\t<\/div>\n\t\t\t\n\t\t\t<div class=\"entry-title-wrapper\"><h3 class=\"entry-title\"><a data-id=\"757\" href=\"https:\/\/hikkistore.com\/pl\/new-styles-added-to-the-autumn-winter-collection\/\" class=\"tpg-post-link\" target=\"_self\">Nowe style dodane do kolekcji jesie\u0144-zima<\/a><\/h3><\/div>\n\t\t\t\t\t\t\t<div class=\"post-meta-tags rt-el-post-meta\">\n\t\t\t\t\t            <span class='date'>\n\t\t\t\t                                    <a href=\"https:\/\/hikkistore.com\/pl\/2024\/10\/04\/\">\n\t\t\t\t\t4 pa\u017adziernika, 2024\t\t\t\t<\/a>\n                \t\t\t<\/span>\n            \t\t\t\t<\/div>\n\t\t\t\n\t\t\t\n\t\t\t\t\t<\/div>\n\t<\/div>\n<\/div>\n\n<div class=\"rt-col-md-6 rt-col-sm-6 rt-col-xs-12 default rt-grid-item\" data-id=\"761\">\n\t<div class=\"rt-holder tpg-post-holder\">\n\t\t<div class=\"rt-detail rt-el-content-wrapper\">\n\t\t\t\t\t\t\t<div class=\"rt-img-holder tpg-el-image-wrap has-thumbnail\">\n\t\t\t\t\t<a data-id=\"761\" href=\"https:\/\/hikkistore.com\/pl\/we-love-the-seasonality-in-nature\/\" class=\"tpg-post-link\" target=\"_self\">                        <img decoding=\"async\" src=\"https:\/\/hikkistore.com\/wp-content\/uploads\/2024\/06\/HikkiAter_126-768x1153.jpeg\"\n                             class=\"rt-img-responsive\"\n                             width=\"768\"\n                             height=\"1153\"\n                             alt=\"We Love the Seasonality in Nature\">\n                        \n                            \n        <\/a>\n                <div class=\"overlay grid-hover-content\"><\/div>\n        \t\t\t\t<\/div>\n\t\t\t\n\t\t\t<div class=\"entry-title-wrapper\"><h3 class=\"entry-title\"><a data-id=\"761\" href=\"https:\/\/hikkistore.com\/pl\/we-love-the-seasonality-in-nature\/\" class=\"tpg-post-link\" target=\"_self\">Kochamy sezonowo\u015b\u0107 w naturze<\/a><\/h3><\/div>\n\t\t\t\t\t\t\t<div class=\"post-meta-tags rt-el-post-meta\">\n\t\t\t\t\t            <span class='date'>\n\t\t\t\t                                    <a href=\"https:\/\/hikkistore.com\/pl\/2024\/06\/20\/\">\n\t\t\t\t\t20 czerwca, 2024\t\t\t\t<\/a>\n                \t\t\t<\/span>\n            \t\t\t\t<\/div>\n\t\t\t\n\t\t\t\n\t\t\t\t\t<\/div>\n\t<\/div>\n<\/div>\n\n<div class=\"rt-col-md-6 rt-col-sm-6 rt-col-xs-12 default rt-grid-item\" data-id=\"783\">\n\t<div class=\"rt-holder tpg-post-holder\">\n\t\t<div class=\"rt-detail rt-el-content-wrapper\">\n\t\t\t\t\t\t\t<div class=\"rt-img-holder tpg-el-image-wrap has-thumbnail\">\n\t\t\t\t\t<a data-id=\"783\" href=\"https:\/\/hikkistore.com\/pl\/get-ready-for-the-warm-season-with-a-linen-ss24-collection-from-hikki\/\" class=\"tpg-post-link\" target=\"_self\">                        <img decoding=\"async\" src=\"https:\/\/hikkistore.com\/wp-content\/uploads\/2024\/04\/Hikki_160324_536-768x1151.jpeg\"\n                             class=\"rt-img-responsive\"\n                             width=\"768\"\n                             height=\"1151\"\n                             alt=\"Get Ready for the Warm Season with a Linen SS24 Collection from HIKKI\">\n                        \n                            \n        <\/a>\n                <div class=\"overlay grid-hover-content\"><\/div>\n        \t\t\t\t<\/div>\n\t\t\t\n\t\t\t<div class=\"entry-title-wrapper\"><h3 class=\"entry-title\"><a data-id=\"783\" href=\"https:\/\/hikkistore.com\/pl\/get-ready-for-the-warm-season-with-a-linen-ss24-collection-from-hikki\/\" class=\"tpg-post-link\" target=\"_self\">Przygotuj si\u0119 na ciep\u0142y sezon z lnian\u0105 kolekcj\u0105 SS24 od HIKKI<\/a><\/h3><\/div>\n\t\t\t\t\t\t\t<div class=\"post-meta-tags rt-el-post-meta\">\n\t\t\t\t\t            <span class='date'>\n\t\t\t\t                                    <a href=\"https:\/\/hikkistore.com\/pl\/2024\/04\/20\/\">\n\t\t\t\t\t20 kwietnia, 2024\t\t\t\t<\/a>\n                \t\t\t<\/span>\n            \t\t\t\t<\/div>\n\t\t\t\n\t\t\t\n\t\t\t\t\t<\/div>\n\t<\/div>\n<\/div>\n\n<div class=\"rt-col-md-6 rt-col-sm-6 rt-col-xs-12 default rt-grid-item\" data-id=\"786\">\n\t<div class=\"rt-holder tpg-post-holder\">\n\t\t<div class=\"rt-detail rt-el-content-wrapper\">\n\t\t\t\t\t\t\t<div class=\"rt-img-holder tpg-el-image-wrap has-thumbnail\">\n\t\t\t\t\t<a data-id=\"786\" href=\"https:\/\/hikkistore.com\/pl\/embrace-the-cozy-season-with-woolen-kimonos-and-trousers-a-guide-to-stylish-comfort\/\" class=\"tpg-post-link\" target=\"_self\">                        <img loading=\"lazy\" decoding=\"async\" src=\"https:\/\/hikkistore.com\/wp-content\/uploads\/2024\/10\/3T7A8470copy-1-768x1152.jpg\"\n                             class=\"rt-img-responsive\"\n                             width=\"768\"\n                             height=\"1152\"\n                             alt=\"Embrace the Cozy Season with Woolen Kimonos and Trousers: A Guide to Stylish Comfort\">\n                        \n                            \n        <\/a>\n                <div class=\"overlay grid-hover-content\"><\/div>\n        \t\t\t\t<\/div>\n\t\t\t\n\t\t\t<div class=\"entry-title-wrapper\"><h3 class=\"entry-title\"><a data-id=\"786\" href=\"https:\/\/hikkistore.com\/pl\/embrace-the-cozy-season-with-woolen-kimonos-and-trousers-a-guide-to-stylish-comfort\/\" class=\"tpg-post-link\" target=\"_self\">Przytulny sezon z we\u0142nianymi kimonami i spodniami: Przewodnik po stylowym komforcie<\/a><\/h3><\/div>\n\t\t\t\t\t\t\t<div class=\"post-meta-tags rt-el-post-meta\">\n\t\t\t\t\t            <span class='date'>\n\t\t\t\t                                    <a href=\"https:\/\/hikkistore.com\/pl\/2023\/11\/25\/\">\n\t\t\t\t\t25 listopada, 2023\t\t\t\t<\/a>\n                \t\t\t<\/span>\n            \t\t\t\t<\/div>\n\t\t\t\n\t\t\t\n\t\t\t\t\t<\/div>\n\t<\/div>\n<\/div>\n\n<div class=\"rt-col-md-6 rt-col-sm-6 rt-col-xs-12 default rt-grid-item\" data-id=\"788\">\n\t<div class=\"rt-holder tpg-post-holder\">\n\t\t<div class=\"rt-detail rt-el-content-wrapper\">\n\t\t\t\t\t\t\t<div class=\"rt-img-holder tpg-el-image-wrap has-thumbnail\">\n\t\t\t\t\t<a data-id=\"788\" href=\"https:\/\/hikkistore.com\/pl\/a-sneak-peek-at-our-studio\/\" class=\"tpg-post-link\" target=\"_self\">                        <img loading=\"lazy\" decoding=\"async\" src=\"https:\/\/hikkistore.com\/wp-content\/uploads\/2023\/10\/IMG_4224.jpg\"\n                             class=\"rt-img-responsive\"\n                             width=\"750\"\n                             height=\"1001\"\n                             alt=\"A sneak peek at our studio\">\n                        \n                            \n        <\/a>\n                <div class=\"overlay grid-hover-content\"><\/div>\n        \t\t\t\t<\/div>\n\t\t\t\n\t\t\t<div class=\"entry-title-wrapper\"><h3 class=\"entry-title\"><a data-id=\"788\" href=\"https:\/\/hikkistore.com\/pl\/a-sneak-peek-at-our-studio\/\" class=\"tpg-post-link\" target=\"_self\">Rzut oka na nasze studio<\/a><\/h3><\/div>\n\t\t\t\t\t\t\t<div class=\"post-meta-tags rt-el-post-meta\">\n\t\t\t\t\t            <span class='date'>\n\t\t\t\t                                    <a href=\"https:\/\/hikkistore.com\/pl\/2023\/10\/14\/\">\n\t\t\t\t\t14 pa\u017adziernika, 2023\t\t\t\t<\/a>\n                \t\t\t<\/span>\n            \t\t\t\t<\/div>\n\t\t\t\n\t\t\t\n\t\t\t\t\t<\/div>\n\t<\/div>\n<\/div>\n\n<div class=\"rt-col-md-6 rt-col-sm-6 rt-col-xs-12 default rt-grid-item\" data-id=\"18\">\n\t<div class=\"rt-holder tpg-post-holder\">\n\t\t<div class=\"rt-detail rt-el-content-wrapper\">\n\t\t\t\t\t\t\t<div class=\"rt-img-holder tpg-el-image-wrap has-thumbnail\">\n\t\t\t\t\t<a data-id=\"18\" href=\"https:\/\/hikkistore.com\/pl\/our-philosophy\/\" class=\"tpg-post-link\" target=\"_self\">                        <img loading=\"lazy\" decoding=\"async\" src=\"https:\/\/hikkistore.com\/wp-content\/uploads\/2024\/10\/3T7A8516copy-1-768x1152.jpg\"\n                             class=\"rt-img-responsive\"\n                             width=\"768\"\n                             height=\"1152\"\n                             alt=\"Our philosophy\">\n                        \n                            \n        <\/a>\n                <div class=\"overlay grid-hover-content\"><\/div>\n        \t\t\t\t<\/div>\n\t\t\t\n\t\t\t<div class=\"entry-title-wrapper\"><h3 class=\"entry-title\"><a data-id=\"18\" href=\"https:\/\/hikkistore.com\/pl\/our-philosophy\/\" class=\"tpg-post-link\" target=\"_self\">Nasza filozofia<\/a><\/h3><\/div>\n\t\t\t\t\t\t\t<div class=\"post-meta-tags rt-el-post-meta\">\n\t\t\t\t\t            <span class='date'>\n\t\t\t\t                                    <a href=\"https:\/\/hikkistore.com\/pl\/2023\/10\/14\/\">\n\t\t\t\t\t14 pa\u017adziernika, 2023\t\t\t\t<\/a>\n                \t\t\t<\/span>\n            \t\t\t\t<\/div>\n\t\t\t\n\t\t\t\n\t\t\t\t\t<\/div>\n\t<\/div>\n<\/div>\n\t\t\t<\/div>\n\t\t\t\n\t\t<\/div>\n\t\t\t\t\t\t<\/div>\n\t\t\t\t<\/div>\n\t\t\t\t<\/div>\n\t\t\t\t<\/div>","protected":false},"excerpt":{"rendered":"<p>Journal New Styles Added to the Autumn-Winter Collection October 4, 2024 We Love the Seasonality in Nature June 20, 2024 [&hellip;]<\/p>\n","protected":false},"author":1,"featured_media":0,"parent":0,"menu_order":0,"comment_status":"closed","ping_status":"closed","template":"","meta":{"site-sidebar-layout":"no-sidebar","site-content-layout":"","ast-site-content-layout":"full-width-container","site-content-style":"default","site-sidebar-style":"default","ast-global-header-display":"","ast-banner-title-visibility":"","ast-main-header-display":"","ast-hfb-above-header-display":"","ast-hfb-below-header-display":"","ast-hfb-mobile-header-display":"","site-post-title":"disabled","ast-breadcrumbs-content":"","ast-featured-img":"disabled","footer-sml-layout":"","ast-disable-related-posts":"","theme-transparent-header-meta":"","adv-header-id-meta":"","stick-header-meta":"","header-above-stick-meta":"","header-main-stick-meta":"","header-below-stick-meta":"","astra-migrate-meta-layouts":"default","ast-page-background-enabled":"default","ast-page-background-meta":{"desktop":{"background-color":"var(--ast-global-color-4)","background-image":"","background-repeat":"repeat","background-position":"center center","background-size":"auto","background-attachment":"scroll","background-type":"","background-media":"","overlay-type":"","overlay-color":"","overlay-opacity":"","overlay-gradient":""},"tablet":{"background-color":"","background-image":"","background-repeat":"repeat","background-position":"center center","background-size":"auto","background-attachment":"scroll","background-type":"","background-media":"","overlay-type":"","overlay-color":"","overlay-opacity":"","overlay-gradient":""},"mobile":{"background-color":"","background-image":"","background-repeat":"repeat","background-position":"center center","background-size":"auto","background-attachment":"scroll","background-type":"","background-media":"","overlay-type":"","overlay-color":"","overlay-opacity":"","overlay-gradient":""}},"ast-content-background-meta":{"desktop":{"background-color":"var(--ast-global-color-5)","background-image":"","background-repeat":"repeat","background-position":"center center","background-size":"auto","background-attachment":"scroll","background-type":"","background-media":"","overlay-type":"","overlay-color":"","overlay-opacity":"","overlay-gradient":""},"tablet":{"background-color":"var(--ast-global-color-5)","background-image":"","background-repeat":"repeat","background-position":"center center","background-size":"auto","background-attachment":"scroll","background-type":"","background-media":"","overlay-type":"","overlay-color":"","overlay-opacity":"","overlay-gradient":""},"mobile":{"background-color":"var(--ast-global-color-5)","background-image":"","background-repeat":"repeat","background-position":"center center","background-size":"auto","background-attachment":"scroll","background-type":"","background-media":"","overlay-type":"","overlay-color":"","overlay-opacity":"","overlay-gradient":""}},"footnotes":""},"class_list":["post-721","page","type-page","status-publish","hentry"],"rttpg_featured_image_url":null,"rttpg_author":{"display_name":"Kasia","author_link":"https:\/\/hikkistore.com\/pl\/author\/admin\/"},"rttpg_comment":0,"rttpg_category":"","rttpg_excerpt":"Journal New Styles Added to the Autumn-Winter Collection October 4, 2024 We Love the Seasonality in Nature June 20, 2024 [&hellip;]","_links":{"self":[{"href":"https:\/\/hikkistore.com\/pl\/wp-json\/wp\/v2\/pages\/721","targetHints":{"allow":["GET"]}}],"collection":[{"href":"https:\/\/hikkistore.com\/pl\/wp-json\/wp\/v2\/pages"}],"about":[{"href":"https:\/\/hikkistore.com\/pl\/wp-json\/wp\/v2\/types\/page"}],"author":[{"embeddable":true,"href":"https:\/\/hikkistore.com\/pl\/wp-json\/wp\/v2\/users\/1"}],"replies":[{"embeddable":true,"href":"https:\/\/hikkistore.com\/pl\/wp-json\/wp\/v2\/comments?post=721"}],"version-history":[{"count":25,"href":"https:\/\/hikkistore.com\/pl\/wp-json\/wp\/v2\/pages\/721\/revisions"}],"predecessor-version":[{"id":1282,"href":"https:\/\/hikkistore.com\/pl\/wp-json\/wp\/v2\/pages\/721\/revisions\/1282"}],"wp:attachment":[{"href":"https:\/\/hikkistore.com\/pl\/wp-json\/wp\/v2\/media?parent=721"}],"curies":[{"name":"wp","href":"https:\/\/api.w.org\/{rel}","templated":true}]}}