{"id":10,"date":"2024-09-24T17:05:18","date_gmt":"2024-09-24T17:05:18","guid":{"rendered":"https:\/\/hikkistore.com\/home\/"},"modified":"2025-06-02T09:52:34","modified_gmt":"2025-06-02T09:52:34","slug":"home","status":"publish","type":"page","link":"https:\/\/hikkistore.com\/pl\/","title":{"rendered":"Home"},"content":{"rendered":"<div data-elementor-type=\"wp-page\" data-elementor-id=\"10\" class=\"elementor elementor-10\">\n\t\t\t\t<div class=\"elementor-element elementor-element-5b44f246 e-con-full e-flex e-con e-parent\" data-id=\"5b44f246\" data-element_type=\"container\" data-e-type=\"container\" data-settings=\"{&quot;background_background&quot;:&quot;classic&quot;}\">\n\t\t<div class=\"elementor-element elementor-element-f6be96d e-con-full e-flex e-con e-child\" data-id=\"f6be96d\" data-element_type=\"container\" data-e-type=\"container\">\n\t\t\t\t<div class=\"elementor-element elementor-element-93e399f elementor-widget elementor-widget-image\" data-id=\"93e399f\" data-element_type=\"widget\" data-e-type=\"widget\" data-widget_type=\"image.default\">\n\t\t\t\t<div class=\"elementor-widget-container\">\n\t\t\t\t\t\t\t\t\t\t\t\t\t\t\t<img fetchpriority=\"high\" decoding=\"async\" width=\"1000\" height=\"667\" src=\"https:\/\/hikkistore.com\/wp-content\/uploads\/2024\/10\/Hikki_100924_plener_254a.jpg\" class=\"attachment-large size-large wp-image-650\" alt=\"\" srcset=\"https:\/\/hikkistore.com\/wp-content\/uploads\/2024\/10\/Hikki_100924_plener_254a.jpg 1000w, https:\/\/hikkistore.com\/wp-content\/uploads\/2024\/10\/Hikki_100924_plener_254a-600x400.jpg 600w, https:\/\/hikkistore.com\/wp-content\/uploads\/2024\/10\/Hikki_100924_plener_254a-300x200.jpg 300w, https:\/\/hikkistore.com\/wp-content\/uploads\/2024\/10\/Hikki_100924_plener_254a-768x512.jpg 768w, https:\/\/hikkistore.com\/wp-content\/uploads\/2024\/10\/Hikki_100924_plener_254a-100x67.jpg 100w\" sizes=\"(max-width: 1000px) 100vw, 1000px\" \/>\t\t\t\t\t\t\t\t\t\t\t\t\t\t\t<\/div>\n\t\t\t\t<\/div>\n\t\t\t\t<\/div>\n\t\t<div class=\"elementor-element elementor-element-1440369 e-con-full e-flex e-con e-child\" data-id=\"1440369\" data-element_type=\"container\" data-e-type=\"container\">\n\t\t\t\t<div class=\"elementor-element elementor-element-b969d38 elementor-align-center elementor-widget elementor-widget-button\" data-id=\"b969d38\" data-element_type=\"widget\" data-e-type=\"widget\" data-widget_type=\"button.default\">\n\t\t\t\t<div class=\"elementor-widget-container\">\n\t\t\t\t\t\t\t\t\t<div class=\"elementor-button-wrapper\">\n\t\t\t\t\t<a class=\"elementor-button elementor-button-link elementor-size-sm\" href=\"\/pl\/online-shop\/\">\n\t\t\t\t\t\t<span class=\"elementor-button-content-wrapper\">\n\t\t\t\t\t\t\t\t\t<span class=\"elementor-button-text\">Kupuj teraz<\/span>\n\t\t\t\t\t<\/span>\n\t\t\t\t\t<\/a>\n\t\t\t\t<\/div>\n\t\t\t\t\t\t\t\t<\/div>\n\t\t\t\t<\/div>\n\t\t\t\t<\/div>\n\t\t\t\t<\/div>\n\t\t<div class=\"elementor-element elementor-element-2e2b92a e-con-full e-flex e-con e-parent\" data-id=\"2e2b92a\" data-element_type=\"container\" data-e-type=\"container\" data-settings=\"{&quot;background_background&quot;:&quot;classic&quot;}\">\n\t\t\t\t<div class=\"elementor-element elementor-element-79110bd elementor-widget elementor-widget-heading\" data-id=\"79110bd\" data-element_type=\"widget\" data-e-type=\"widget\" data-widget_type=\"heading.default\">\n\t\t\t\t<div class=\"elementor-widget-container\">\n\t\t\t\t\t<h2 class=\"elementor-heading-title elementor-size-default\">Nowa kampania<\/h2>\t\t\t\t<\/div>\n\t\t\t\t<\/div>\n\t\t<div class=\"elementor-element elementor-element-5ba0e02 e-con-full e-flex e-con e-child\" data-id=\"5ba0e02\" data-element_type=\"container\" data-e-type=\"container\">\n\t\t\t\t<div class=\"elementor-element elementor-element-256f619 elementor-widget elementor-widget-image\" data-id=\"256f619\" data-element_type=\"widget\" data-e-type=\"widget\" data-widget_type=\"image.default\">\n\t\t\t\t<div class=\"elementor-widget-container\">\n\t\t\t\t\t\t\t\t\t\t\t\t\t\t\t<img decoding=\"async\" width=\"683\" height=\"1024\" src=\"https:\/\/hikkistore.com\/wp-content\/uploads\/2024\/10\/Hikki_27-683x1024.jpeg\" class=\"attachment-large size-large wp-image-592\" alt=\"\" srcset=\"https:\/\/hikkistore.com\/wp-content\/uploads\/2024\/10\/Hikki_27-683x1024.jpeg 683w, https:\/\/hikkistore.com\/wp-content\/uploads\/2024\/10\/Hikki_27-600x900.jpeg 600w, https:\/\/hikkistore.com\/wp-content\/uploads\/2024\/10\/Hikki_27-200x300.jpeg 200w, https:\/\/hikkistore.com\/wp-content\/uploads\/2024\/10\/Hikki_27-768x1152.jpeg 768w, https:\/\/hikkistore.com\/wp-content\/uploads\/2024\/10\/Hikki_27-100x150.jpeg 100w, https:\/\/hikkistore.com\/wp-content\/uploads\/2024\/10\/Hikki_27.jpeg 1000w\" sizes=\"(max-width: 683px) 100vw, 683px\" \/>\t\t\t\t\t\t\t\t\t\t\t\t\t\t\t<\/div>\n\t\t\t\t<\/div>\n\t\t\t\t<div class=\"elementor-element elementor-element-0892e8e elementor-widget elementor-widget-image\" data-id=\"0892e8e\" data-element_type=\"widget\" data-e-type=\"widget\" data-widget_type=\"image.default\">\n\t\t\t\t<div class=\"elementor-widget-container\">\n\t\t\t\t\t\t\t\t\t\t\t\t\t\t\t<img decoding=\"async\" width=\"683\" height=\"1024\" src=\"https:\/\/hikkistore.com\/wp-content\/uploads\/2024\/10\/Hikki_4-683x1024.jpeg\" class=\"attachment-large size-large wp-image-640\" alt=\"\" srcset=\"https:\/\/hikkistore.com\/wp-content\/uploads\/2024\/10\/Hikki_4-683x1024.jpeg 683w, https:\/\/hikkistore.com\/wp-content\/uploads\/2024\/10\/Hikki_4-600x900.jpeg 600w, https:\/\/hikkistore.com\/wp-content\/uploads\/2024\/10\/Hikki_4-200x300.jpeg 200w, https:\/\/hikkistore.com\/wp-content\/uploads\/2024\/10\/Hikki_4-768x1152.jpeg 768w, https:\/\/hikkistore.com\/wp-content\/uploads\/2024\/10\/Hikki_4-100x150.jpeg 100w, https:\/\/hikkistore.com\/wp-content\/uploads\/2024\/10\/Hikki_4.jpeg 1000w\" sizes=\"(max-width: 683px) 100vw, 683px\" \/>\t\t\t\t\t\t\t\t\t\t\t\t\t\t\t<\/div>\n\t\t\t\t<\/div>\n\t\t\t\t<div class=\"elementor-element elementor-element-58ba099 elementor-widget elementor-widget-image\" data-id=\"58ba099\" data-element_type=\"widget\" data-e-type=\"widget\" data-widget_type=\"image.default\">\n\t\t\t\t<div class=\"elementor-widget-container\">\n\t\t\t\t\t\t\t\t\t\t\t\t\t\t\t<img loading=\"lazy\" decoding=\"async\" width=\"683\" height=\"1024\" src=\"https:\/\/hikkistore.com\/wp-content\/uploads\/2024\/10\/Hikki_8-683x1024.jpeg\" class=\"attachment-large size-large wp-image-599\" alt=\"\" srcset=\"https:\/\/hikkistore.com\/wp-content\/uploads\/2024\/10\/Hikki_8-683x1024.jpeg 683w, https:\/\/hikkistore.com\/wp-content\/uploads\/2024\/10\/Hikki_8-600x900.jpeg 600w, https:\/\/hikkistore.com\/wp-content\/uploads\/2024\/10\/Hikki_8-200x300.jpeg 200w, https:\/\/hikkistore.com\/wp-content\/uploads\/2024\/10\/Hikki_8-768x1152.jpeg 768w, https:\/\/hikkistore.com\/wp-content\/uploads\/2024\/10\/Hikki_8-100x150.jpeg 100w, https:\/\/hikkistore.com\/wp-content\/uploads\/2024\/10\/Hikki_8.jpeg 1000w\" sizes=\"(max-width: 683px) 100vw, 683px\" \/>\t\t\t\t\t\t\t\t\t\t\t\t\t\t\t<\/div>\n\t\t\t\t<\/div>\n\t\t\t\t<\/div>\n\t\t\t\t<div class=\"elementor-element elementor-element-cb39259 elementor-align-center elementor-widget elementor-widget-button\" data-id=\"cb39259\" data-element_type=\"widget\" data-e-type=\"widget\" data-widget_type=\"button.default\">\n\t\t\t\t<div class=\"elementor-widget-container\">\n\t\t\t\t\t\t\t\t\t<div class=\"elementor-button-wrapper\">\n\t\t\t\t\t<a class=\"elementor-button elementor-button-link elementor-size-sm\" href=\"\/pl\/online-shop\/\">\n\t\t\t\t\t\t<span class=\"elementor-button-content-wrapper\">\n\t\t\t\t\t\t\t\t\t<span class=\"elementor-button-text\">Kupuj teraz<\/span>\n\t\t\t\t\t<\/span>\n\t\t\t\t\t<\/a>\n\t\t\t\t<\/div>\n\t\t\t\t\t\t\t\t<\/div>\n\t\t\t\t<\/div>\n\t\t\t\t<\/div>\n\t\t<div class=\"elementor-element elementor-element-830dd66 e-con-full e-flex e-con e-parent\" data-id=\"830dd66\" data-element_type=\"container\" data-e-type=\"container\" data-settings=\"{&quot;background_background&quot;:&quot;classic&quot;}\">\n\t\t<div class=\"elementor-element elementor-element-560e685 e-con-full e-flex e-con e-child\" data-id=\"560e685\" data-element_type=\"container\" data-e-type=\"container\">\n\t\t<div class=\"elementor-element elementor-element-3c5a69f e-con-full e-flex e-con e-child\" data-id=\"3c5a69f\" data-element_type=\"container\" data-e-type=\"container\">\n\t\t\t\t<div class=\"elementor-element elementor-element-608fcdc elementor-widget elementor-widget-heading\" data-id=\"608fcdc\" data-element_type=\"widget\" data-e-type=\"widget\" data-widget_type=\"heading.default\">\n\t\t\t\t<div class=\"elementor-widget-container\">\n\t\t\t\t\t<h2 class=\"elementor-heading-title elementor-size-default\">HIKKI &amp; ater.<\/h2>\t\t\t\t<\/div>\n\t\t\t\t<\/div>\n\t\t\t\t<div class=\"elementor-element elementor-element-a9cc472 elementor-widget elementor-widget-text-editor\" data-id=\"a9cc472\" data-element_type=\"widget\" data-e-type=\"widget\" data-widget_type=\"text-editor.default\">\n\t\t\t\t<div class=\"elementor-widget-container\">\n\t\t\t\t\t\t\t\t\t<p>HIKKI i ater. to opowie\u015b\u0107 o wsp\u00f3lnych warto\u015bciach i estetyce. Jako marki wywodz\u0105ce si\u0119 z otoczonego pi\u0119kn\u0105 przyrod\u0105 Tr\u00f3jmiasta, czujemy siln\u0105 wi\u0119\u017a z natur\u0105. Kochamy jej sezonowo\u015b\u0107, ale projektuj\u0105c staramy si\u0119 tworzy\u0107 ponadczasowe kolekcje. Inspiruj\u0105 nas zmieniaj\u0105ce si\u0119 pory roku i naturalne materia\u0142y. Sezonowo\u015b\u0107 oznacza dla nas tworzenie kolekcji, kt\u00f3re s\u0105 odpowiedzi\u0105 na potrzeby wynikaj\u0105ce z cyklicznych zmian p\u00f3r roku i towarzysz\u0105cych im warunk\u00f3w atmosferycznych. D\u0105\u017cymy do tego, aby nasze projekty przetrwa\u0142y pr\u00f3b\u0119 czasu, a tym samym nie straci\u0142y swojej aktualno\u015bci po zako\u0144czeniu jednego sezonu, zar\u00f3wno je\u015bli chodzi o mod\u0119, jak i projektowanie mebli. Zamiast pod\u0105\u017ca\u0107 za szybko zmieniaj\u0105cymi si\u0119 trendami, tworzymy produkty o uniwersalnym designie, kt\u00f3re pozostaj\u0105 eleganckie i funkcjonalne przez lata. Wierzymy, \u017ce w ten spos\u00f3b przyczyniamy si\u0119 do bardziej zr\u00f3wnowa\u017conego i odpowiedzialnego podej\u015bcia do konsumpcji.<\/p>\t\t\t\t\t\t\t\t<\/div>\n\t\t\t\t<\/div>\n\t\t\t\t<div class=\"elementor-element elementor-element-8fbfc35 elementor-align-left elementor-widget elementor-widget-button\" data-id=\"8fbfc35\" data-element_type=\"widget\" data-e-type=\"widget\" data-widget_type=\"button.default\">\n\t\t\t\t<div class=\"elementor-widget-container\">\n\t\t\t\t\t\t\t\t\t<div class=\"elementor-button-wrapper\">\n\t\t\t\t\t<a class=\"elementor-button elementor-button-link elementor-size-sm\" href=\"\/pl\/about\/\">\n\t\t\t\t\t\t<span class=\"elementor-button-content-wrapper\">\n\t\t\t\t\t\t\t\t\t<span class=\"elementor-button-text\">Poznaj ater.<\/span>\n\t\t\t\t\t<\/span>\n\t\t\t\t\t<\/a>\n\t\t\t\t<\/div>\n\t\t\t\t\t\t\t\t<\/div>\n\t\t\t\t<\/div>\n\t\t\t\t<\/div>\n\t\t<div class=\"elementor-element elementor-element-4216efe e-con-full e-flex e-con e-child\" data-id=\"4216efe\" data-element_type=\"container\" data-e-type=\"container\" data-settings=\"{&quot;background_background&quot;:&quot;classic&quot;}\">\n\t\t\t\t<\/div>\n\t\t\t\t<\/div>\n\t\t<div class=\"elementor-element elementor-element-cc0d00e e-con-full e-flex e-con e-child\" data-id=\"cc0d00e\" data-element_type=\"container\" data-e-type=\"container\">\n\t\t\t\t<div class=\"elementor-element elementor-element-666d7b4 elementor-widget elementor-widget-image\" data-id=\"666d7b4\" data-element_type=\"widget\" data-e-type=\"widget\" data-widget_type=\"image.default\">\n\t\t\t\t<div class=\"elementor-widget-container\">\n\t\t\t\t\t\t\t\t\t\t\t\t\t\t\t<img loading=\"lazy\" decoding=\"async\" width=\"682\" height=\"1024\" src=\"https:\/\/hikkistore.com\/wp-content\/uploads\/2024\/10\/HikkiAter_079-682x1024.jpeg\" class=\"attachment-large size-large wp-image-689\" alt=\"\" srcset=\"https:\/\/hikkistore.com\/wp-content\/uploads\/2024\/10\/HikkiAter_079-682x1024.jpeg 682w, https:\/\/hikkistore.com\/wp-content\/uploads\/2024\/10\/HikkiAter_079-200x300.jpeg 200w, https:\/\/hikkistore.com\/wp-content\/uploads\/2024\/10\/HikkiAter_079-768x1153.jpeg 768w, https:\/\/hikkistore.com\/wp-content\/uploads\/2024\/10\/HikkiAter_079-1023x1536.jpeg 1023w, https:\/\/hikkistore.com\/wp-content\/uploads\/2024\/10\/HikkiAter_079-600x901.jpeg 600w, https:\/\/hikkistore.com\/wp-content\/uploads\/2024\/10\/HikkiAter_079-100x150.jpeg 100w, https:\/\/hikkistore.com\/wp-content\/uploads\/2024\/10\/HikkiAter_079.jpeg 1364w\" sizes=\"(max-width: 682px) 100vw, 682px\" \/>\t\t\t\t\t\t\t\t\t\t\t\t\t\t\t<\/div>\n\t\t\t\t<\/div>\n\t\t\t\t<div class=\"elementor-element elementor-element-1098443 elementor-widget elementor-widget-image\" data-id=\"1098443\" data-element_type=\"widget\" data-e-type=\"widget\" data-widget_type=\"image.default\">\n\t\t\t\t<div class=\"elementor-widget-container\">\n\t\t\t\t\t\t\t\t\t\t\t\t\t\t\t<img loading=\"lazy\" decoding=\"async\" width=\"1024\" height=\"682\" src=\"https:\/\/hikkistore.com\/wp-content\/uploads\/2024\/10\/HikkiAter_159-1024x682.jpg\" class=\"attachment-large size-large wp-image-690\" alt=\"\" srcset=\"https:\/\/hikkistore.com\/wp-content\/uploads\/2024\/10\/HikkiAter_159-1024x682.jpg 1024w, https:\/\/hikkistore.com\/wp-content\/uploads\/2024\/10\/HikkiAter_159-300x200.jpg 300w, https:\/\/hikkistore.com\/wp-content\/uploads\/2024\/10\/HikkiAter_159-768x512.jpg 768w, https:\/\/hikkistore.com\/wp-content\/uploads\/2024\/10\/HikkiAter_159-600x400.jpg 600w, https:\/\/hikkistore.com\/wp-content\/uploads\/2024\/10\/HikkiAter_159-100x67.jpg 100w, https:\/\/hikkistore.com\/wp-content\/uploads\/2024\/10\/HikkiAter_159.jpg 1364w\" sizes=\"(max-width: 1024px) 100vw, 1024px\" \/>\t\t\t\t\t\t\t\t\t\t\t\t\t\t\t<\/div>\n\t\t\t\t<\/div>\n\t\t\t\t<\/div>\n\t\t\t\t<\/div>\n\t\t\t\t<\/div>","protected":false},"excerpt":{"rendered":"<p>Shop Now New Campaign Shop Now HIKKI &amp; ater. HIKKI and ater. is a story about common values and aesthetics. [&hellip;]<\/p>\n","protected":false},"author":2,"featured_media":0,"parent":0,"menu_order":0,"comment_status":"closed","ping_status":"closed","template":"elementor_header_footer","meta":{"site-sidebar-layout":"default","site-content-layout":"","ast-site-content-layout":"default","site-content-style":"default","site-sidebar-style":"default","ast-global-header-display":"","ast-banner-title-visibility":"","ast-main-header-display":"","ast-hfb-above-header-display":"","ast-hfb-below-header-display":"","ast-hfb-mobile-header-display":"","site-post-title":"","ast-breadcrumbs-content":"","ast-featured-img":"","footer-sml-layout":"","ast-disable-related-posts":"","theme-transparent-header-meta":"","adv-header-id-meta":"","stick-header-meta":"","header-above-stick-meta":"","header-main-stick-meta":"","header-below-stick-meta":"","astra-migrate-meta-layouts":"default","ast-page-background-enabled":"default","ast-page-background-meta":{"desktop":{"background-color":"var(--ast-global-color-4)","background-image":"","background-repeat":"repeat","background-position":"center center","background-size":"auto","background-attachment":"scroll","background-type":"","background-media":"","overlay-type":"","overlay-color":"","overlay-opacity":"","overlay-gradient":""},"tablet":{"background-color":"","background-image":"","background-repeat":"repeat","background-position":"center center","background-size":"auto","background-attachment":"scroll","background-type":"","background-media":"","overlay-type":"","overlay-color":"","overlay-opacity":"","overlay-gradient":""},"mobile":{"background-color":"","background-image":"","background-repeat":"repeat","background-position":"center center","background-size":"auto","background-attachment":"scroll","background-type":"","background-media":"","overlay-type":"","overlay-color":"","overlay-opacity":"","overlay-gradient":""}},"ast-content-background-meta":{"desktop":{"background-color":"var(--ast-global-color-5)","background-image":"","background-repeat":"repeat","background-position":"center center","background-size":"auto","background-attachment":"scroll","background-type":"","background-media":"","overlay-type":"","overlay-color":"","overlay-opacity":"","overlay-gradient":""},"tablet":{"background-color":"var(--ast-global-color-5)","background-image":"","background-repeat":"repeat","background-position":"center center","background-size":"auto","background-attachment":"scroll","background-type":"","background-media":"","overlay-type":"","overlay-color":"","overlay-opacity":"","overlay-gradient":""},"mobile":{"background-color":"var(--ast-global-color-5)","background-image":"","background-repeat":"repeat","background-position":"center center","background-size":"auto","background-attachment":"scroll","background-type":"","background-media":"","overlay-type":"","overlay-color":"","overlay-opacity":"","overlay-gradient":""}},"footnotes":""},"class_list":["post-10","page","type-page","status-publish","hentry"],"rttpg_featured_image_url":null,"rttpg_author":{"display_name":"elina","author_link":"https:\/\/hikkistore.com\/pl\/author\/elina\/"},"rttpg_comment":0,"rttpg_category":null,"rttpg_excerpt":"Shop Now New Campaign Shop Now HIKKI &amp; ater. HIKKI and ater. is a story about common values and aesthetics. [&hellip;]","_links":{"self":[{"href":"https:\/\/hikkistore.com\/pl\/wp-json\/wp\/v2\/pages\/10","targetHints":{"allow":["GET"]}}],"collection":[{"href":"https:\/\/hikkistore.com\/pl\/wp-json\/wp\/v2\/pages"}],"about":[{"href":"https:\/\/hikkistore.com\/pl\/wp-json\/wp\/v2\/types\/page"}],"author":[{"embeddable":true,"href":"https:\/\/hikkistore.com\/pl\/wp-json\/wp\/v2\/users\/2"}],"replies":[{"embeddable":true,"href":"https:\/\/hikkistore.com\/pl\/wp-json\/wp\/v2\/comments?post=10"}],"version-history":[{"count":82,"href":"https:\/\/hikkistore.com\/pl\/wp-json\/wp\/v2\/pages\/10\/revisions"}],"predecessor-version":[{"id":1696,"href":"https:\/\/hikkistore.com\/pl\/wp-json\/wp\/v2\/pages\/10\/revisions\/1696"}],"wp:attachment":[{"href":"https:\/\/hikkistore.com\/pl\/wp-json\/wp\/v2\/media?parent=10"}],"curies":[{"name":"wp","href":"https:\/\/api.w.org\/{rel}","templated":true}]}}