{"id":1,"date":"2024-09-24T17:05:18","date_gmt":"2024-09-24T17:05:18","guid":{"rendered":"https:\/\/hikkistore.com\/about\/"},"modified":"2025-01-24T20:58:57","modified_gmt":"2025-01-24T20:58:57","slug":"about","status":"publish","type":"page","link":"https:\/\/hikkistore.com\/pl\/about\/","title":{"rendered":"O Hikki"},"content":{"rendered":"<div data-elementor-type=\"wp-page\" data-elementor-id=\"1\" class=\"elementor elementor-1\">\n\t\t\t\t<div class=\"elementor-element elementor-element-8b1eff6 e-con-full e-flex e-con e-parent\" data-id=\"8b1eff6\" data-element_type=\"container\" data-e-type=\"container\">\n\t\t<div class=\"elementor-element elementor-element-6b6af5b e-con-full e-flex e-con e-child\" data-id=\"6b6af5b\" data-element_type=\"container\" data-e-type=\"container\">\n\t\t\t\t<div class=\"elementor-element elementor-element-7b7d253 elementor-widget elementor-widget-heading\" data-id=\"7b7d253\" data-element_type=\"widget\" data-e-type=\"widget\" data-widget_type=\"heading.default\">\n\t\t\t\t<div class=\"elementor-widget-container\">\n\t\t\t\t\t<h1 class=\"elementor-heading-title elementor-size-default\">Nasza filozofia<\/h1>\t\t\t\t<\/div>\n\t\t\t\t<\/div>\n\t\t\t\t<\/div>\n\t\t<div class=\"elementor-element elementor-element-641a737 e-con-full e-flex e-con e-child\" data-id=\"641a737\" data-element_type=\"container\" data-e-type=\"container\">\n\t\t<div class=\"elementor-element elementor-element-7a52fcf e-con-full e-flex e-con e-child\" data-id=\"7a52fcf\" data-element_type=\"container\" data-e-type=\"container\" data-settings=\"{&quot;background_background&quot;:&quot;classic&quot;}\">\n\t\t\t\t<\/div>\n\t\t<div class=\"elementor-element elementor-element-94ec79f e-con-full e-flex e-con e-child\" data-id=\"94ec79f\" data-element_type=\"container\" data-e-type=\"container\">\n\t\t\t\t<div class=\"elementor-element elementor-element-202a878 elementor-widget elementor-widget-heading\" data-id=\"202a878\" data-element_type=\"widget\" data-e-type=\"widget\" data-widget_type=\"heading.default\">\n\t\t\t\t<div class=\"elementor-widget-container\">\n\t\t\t\t\t<h2 class=\"elementor-heading-title elementor-size-default\">Wierzymy w minimalizm.<\/h2>\t\t\t\t<\/div>\n\t\t\t\t<\/div>\n\t\t\t\t<div class=\"elementor-element elementor-element-14633d0 elementor-widget elementor-widget-text-editor\" data-id=\"14633d0\" data-element_type=\"widget\" data-e-type=\"widget\" data-widget_type=\"text-editor.default\">\n\t\t\t\t<div class=\"elementor-widget-container\">\n\t\t\t\t\t\t\t\t\t<p>HIKKI oferuje luksusow\u0105 odzie\u017c gotow\u0105 do noszenia, z ponadczasowymi wzorami i palet\u0105 kolor\u00f3w, kt\u00f3ra wykracza poza czas. Nasza marka czerpie inspiracj\u0119 z nienagannego japo\u0144skiego minimalizmu i zaanga\u017cowania w znakomite rzemios\u0142o. W HIKKI ca\u0142ym sercem wyznajemy filozofi\u0119 \"mniej znaczy wi\u0119cej\", wierz\u0105c, \u017ce prostota jest ostatecznym wyrafinowaniem. Nasza kolekcja jest \u015bwiadectwem trwa\u0142ej mocy dobrze wykonanego projektu. Ka\u017cdy element jest skrupulatnie tworzony, aby przetrwa\u0107 pr\u00f3b\u0119 czasu, zar\u00f3wno pod wzgl\u0119dem stylu, jak i trwa\u0142o\u015bci.<br \/><br \/>Jeste\u015bmy dumni z naszego modelu biznesowego w mikroskali, kt\u00f3ry pozwala nam produkowa\u0107 bardzo ograniczone ilo\u015bci ka\u017cdego projektu. Ta ekskluzywno\u015b\u0107 gwarantuje, \u017ce nosz\u0105c HIKKI, nosisz naprawd\u0119 wyj\u0105tkowe dzie\u0142o sztuki.<br \/><br \/>Zr\u00f3wnowa\u017cony rozw\u00f3j jest podstawow\u0105 warto\u015bci\u0105 w HIKKI. Wierzymy, \u017ce prawdziwy luksus wykracza poza estetyk\u0119; obejmuje odpowiedzialne wybory, kt\u00f3re przynosz\u0105 korzy\u015bci naszej planecie. Nasze zaanga\u017cowanie w zr\u00f3wnowa\u017con\u0105 mod\u0119 zaczyna si\u0119 od materia\u0142\u00f3w, kt\u00f3rych u\u017cywamy. Wszystkie nasze ubrania s\u0105 z dum\u0105 szyte lokalnie w Polsce. Wsp\u00f3\u0142pracujemy z wykwalifikowanymi rzemie\u015blnikami, kt\u00f3rzy podzielaj\u0105 nasze zaanga\u017cowanie w jako\u015b\u0107 i dba\u0142o\u015b\u0107 o szczeg\u00f3\u0142y. To nie tylko wspiera lokaln\u0105 gospodark\u0119, ale tak\u017ce pozwala nam zachowa\u0107 \u015bcis\u0142\u0105 kontrol\u0119 jako\u015bci w ca\u0142ym procesie produkcji.<br \/><br \/>W HIKKI zapraszamy do stworzenia eleganckiej garderoby, kt\u00f3ra opowie Twoj\u0105 wyj\u0105tkow\u0105 histori\u0119. Nasza starannie wyselekcjonowana kolekcja oferuje harmonijne po\u0142\u0105czenie klasycznych i wsp\u00f3\u0142czesnych element\u00f3w, pozwalaj\u0105c wyrazi\u0107 sw\u00f3j styl z wyrafinowaniem i wdzi\u0119kiem.<\/p>\t\t\t\t\t\t\t\t<\/div>\n\t\t\t\t<\/div>\n\t\t\t\t<\/div>\n\t\t\t\t<\/div>\n\t\t\t\t<\/div>\n\t\t<div class=\"elementor-element elementor-element-93936de e-con-full e-flex e-con e-parent\" data-id=\"93936de\" data-element_type=\"container\" data-e-type=\"container\">\n\t\t\t\t<div class=\"elementor-element elementor-element-a3ccc81 elementor-widget__width-inherit elementor-widget elementor-widget-image\" data-id=\"a3ccc81\" data-element_type=\"widget\" data-e-type=\"widget\" data-widget_type=\"image.default\">\n\t\t\t\t<div class=\"elementor-widget-container\">\n\t\t\t\t\t\t\t\t\t\t\t\t\t\t\t<img fetchpriority=\"high\" decoding=\"async\" width=\"2500\" height=\"1667\" src=\"https:\/\/hikkistore.com\/wp-content\/uploads\/2025\/01\/3T7A8010kopia.jpg\" class=\"attachment-full size-full wp-image-1591\" alt=\"\" srcset=\"https:\/\/hikkistore.com\/wp-content\/uploads\/2025\/01\/3T7A8010kopia.jpg 2500w, https:\/\/hikkistore.com\/wp-content\/uploads\/2025\/01\/3T7A8010kopia-300x200.jpg 300w, https:\/\/hikkistore.com\/wp-content\/uploads\/2025\/01\/3T7A8010kopia-1024x683.jpg 1024w, https:\/\/hikkistore.com\/wp-content\/uploads\/2025\/01\/3T7A8010kopia-768x512.jpg 768w, https:\/\/hikkistore.com\/wp-content\/uploads\/2025\/01\/3T7A8010kopia-1536x1024.jpg 1536w, https:\/\/hikkistore.com\/wp-content\/uploads\/2025\/01\/3T7A8010kopia-2048x1366.jpg 2048w, https:\/\/hikkistore.com\/wp-content\/uploads\/2025\/01\/3T7A8010kopia-18x12.jpg 18w, https:\/\/hikkistore.com\/wp-content\/uploads\/2025\/01\/3T7A8010kopia-600x400.jpg 600w, https:\/\/hikkistore.com\/wp-content\/uploads\/2025\/01\/3T7A8010kopia-100x67.jpg 100w\" sizes=\"(max-width: 2500px) 100vw, 2500px\" \/>\t\t\t\t\t\t\t\t\t\t\t\t\t\t\t<\/div>\n\t\t\t\t<\/div>\n\t\t\t\t<\/div>\n\t\t<div class=\"elementor-element elementor-element-fc3b572 e-con-full e-flex e-con e-parent\" data-id=\"fc3b572\" data-element_type=\"container\" data-e-type=\"container\">\n\t\t\t\t<div class=\"elementor-element elementor-element-2c03f68 elementor-widget__width-initial elementor-widget elementor-widget-heading\" data-id=\"2c03f68\" data-element_type=\"widget\" data-e-type=\"widget\" data-widget_type=\"heading.default\">\n\t\t\t\t<div class=\"elementor-widget-container\">\n\t\t\t\t\t<h1 class=\"elementor-heading-title elementor-size-default\">Nasza obietnica<\/h1>\t\t\t\t<\/div>\n\t\t\t\t<\/div>\n\t\t<div class=\"elementor-element elementor-element-4ce2c71 e-flex e-con-boxed e-con e-child\" data-id=\"4ce2c71\" data-element_type=\"container\" data-e-type=\"container\">\n\t\t\t\t\t<div class=\"e-con-inner\">\n\t\t<div class=\"elementor-element elementor-element-534f79e e-con-full e-flex e-con e-child\" data-id=\"534f79e\" data-element_type=\"container\" data-e-type=\"container\">\n\t\t<div class=\"elementor-element elementor-element-dee0bf7 e-con-full e-flex e-con e-child\" data-id=\"dee0bf7\" data-element_type=\"container\" data-e-type=\"container\">\n\t\t\t\t<div class=\"elementor-element elementor-element-94f4e0a elementor-widget elementor-widget-heading\" data-id=\"94f4e0a\" data-element_type=\"widget\" data-e-type=\"widget\" data-widget_type=\"heading.default\">\n\t\t\t\t<div class=\"elementor-widget-container\">\n\t\t\t\t\t<h2 class=\"elementor-heading-title elementor-size-default\">Naturalne materia\u0142y<\/h2>\t\t\t\t<\/div>\n\t\t\t\t<\/div>\n\t\t\t\t<div class=\"elementor-element elementor-element-f575cff elementor-widget elementor-widget-text-editor\" data-id=\"f575cff\" data-element_type=\"widget\" data-e-type=\"widget\" data-widget_type=\"text-editor.default\">\n\t\t\t\t<div class=\"elementor-widget-container\">\n\t\t\t\t\t\t\t\t\t<div class=\"fe-block fe-block-63331e9e5829ab282740\"><p><span style=\"font-size: 16px;\">Nasze materia\u0142y pozyskujemy od naszych lokalnych partner\u00f3w. Obiecujemy, \u017ce nigdy nie u\u017cyjemy niczego innego ni\u017c naturalne.<\/span><\/p><\/div>\t\t\t\t\t\t\t\t<\/div>\n\t\t\t\t<\/div>\n\t\t\t\t<\/div>\n\t\t<div class=\"elementor-element elementor-element-5136988 e-con-full e-flex e-con e-child\" data-id=\"5136988\" data-element_type=\"container\" data-e-type=\"container\">\n\t\t\t\t<div class=\"elementor-element elementor-element-881f6bd elementor-widget elementor-widget-heading\" data-id=\"881f6bd\" data-element_type=\"widget\" data-e-type=\"widget\" data-widget_type=\"heading.default\">\n\t\t\t\t<div class=\"elementor-widget-container\">\n\t\t\t\t\t<h2 class=\"elementor-heading-title elementor-size-default\">R\u0119kodzie\u0142o<\/h2>\t\t\t\t<\/div>\n\t\t\t\t<\/div>\n\t\t\t\t<div class=\"elementor-element elementor-element-5fd8730 elementor-widget elementor-widget-text-editor\" data-id=\"5fd8730\" data-element_type=\"widget\" data-e-type=\"widget\" data-widget_type=\"text-editor.default\">\n\t\t\t\t<div class=\"elementor-widget-container\">\n\t\t\t\t\t\t\t\t\t<section class=\"page-section           full-bleed-section      layout-engine-section        background-width--full-bleed                  section-height--custom                    content-width--wide        horizontal-alignment--center    vertical-alignment--middle                      bright\" data-test=\"page-section\" data-section-theme=\"bright\" data-section-id=\"651bebff5b46e77e45e88083\" data-controller=\"SectionWrapperController\" data-current-styles=\"{  &quot;imageOverlayOpacity&quot;: 0.15,  &quot;backgroundWidth&quot;: &quot;background-width--full-bleed&quot;,  &quot;sectionHeight&quot;: &quot;section-height--custom&quot;,  &quot;customSectionHeight&quot;: 10,  &quot;horizontalAlignment&quot;: &quot;horizontal-alignment--center&quot;,  &quot;verticalAlignment&quot;: &quot;vertical-alignment--middle&quot;,  &quot;contentWidth&quot;: &quot;content-width--wide&quot;,  &quot;customContentWidth&quot;: 50,  &quot;sectionTheme&quot;: &quot;bright&quot;,  &quot;sectionAnimation&quot;: &quot;none&quot;,  &quot;backgroundMode&quot;: &quot;image&quot;}\" data-current-context=\"{  &quot;video&quot;: {    &quot;playbackSpeed&quot;: 0.5,    &quot;filter&quot;: 1,    &quot;filterStrength&quot;: 0,    &quot;zoom&quot;: 0,    &quot;videoSourceProvider&quot;: &quot;none&quot;  },  &quot;backgroundImageId&quot;: null,  &quot;backgroundMediaEffect&quot;: null,  &quot;divider&quot;: null,  &quot;typeName&quot;: &quot;page&quot;}\" data-animation=\"none\" data-fluid-engine-section=\"\" data-controllers-bound=\"SectionWrapperController\" data-active=\"true\"><div class=\"content-wrapper\"><div class=\"content\"><div data-fluid-engine=\"true\"><div class=\"fluid-engine fe-651bebff5b46e77e45e88082\"><div class=\"fe-block fe-block-3df4aa6f7bd6729b688b\"><div id=\"block-3df4aa6f7bd6729b688b\" class=\"sqs-block html-block sqs-block-html\" data-block-type=\"2\" data-border-radii=\"{&quot;topLeft&quot;:{&quot;unit&quot;:&quot;px&quot;,&quot;value&quot;:0.0},&quot;topRight&quot;:{&quot;unit&quot;:&quot;px&quot;,&quot;value&quot;:0.0},&quot;bottomLeft&quot;:{&quot;unit&quot;:&quot;px&quot;,&quot;value&quot;:0.0},&quot;bottomRight&quot;:{&quot;unit&quot;:&quot;px&quot;,&quot;value&quot;:0.0}}\"><div class=\"sqs-block-content\"><div class=\"sqs-html-content\"><p class=\"preFade fadeIn\">Wszystkie nasze kreacje s\u0105 r\u0119cznie wytwarzane lokalnie w Polsce.<\/p><\/div><\/div><\/div><\/div><\/div><\/div><\/div><\/div><\/section>\t\t\t\t\t\t\t\t<\/div>\n\t\t\t\t<\/div>\n\t\t\t\t<\/div>\n\t\t\t\t<\/div>\n\t\t<div class=\"elementor-element elementor-element-3a74bf0 e-con-full e-flex e-con e-child\" data-id=\"3a74bf0\" data-element_type=\"container\" data-e-type=\"container\">\n\t\t<div class=\"elementor-element elementor-element-ecd9f3f e-con-full e-flex e-con e-child\" data-id=\"ecd9f3f\" data-element_type=\"container\" data-e-type=\"container\">\n\t\t\t\t<div class=\"elementor-element elementor-element-84ddc6a elementor-widget elementor-widget-heading\" data-id=\"84ddc6a\" data-element_type=\"widget\" data-e-type=\"widget\" data-widget_type=\"heading.default\">\n\t\t\t\t<div class=\"elementor-widget-container\">\n\t\t\t\t\t<h2 class=\"elementor-heading-title elementor-size-default\">Prostota<\/h2>\t\t\t\t<\/div>\n\t\t\t\t<\/div>\n\t\t\t\t<div class=\"elementor-element elementor-element-4d381a4 elementor-widget elementor-widget-text-editor\" data-id=\"4d381a4\" data-element_type=\"widget\" data-e-type=\"widget\" data-widget_type=\"text-editor.default\">\n\t\t\t\t<div class=\"elementor-widget-container\">\n\t\t\t\t\t\t\t\t\t<div class=\"fe-block fe-block-143845fb2638e45ac0c7\"><div id=\"block-143845fb2638e45ac0c7\" class=\"sqs-block html-block sqs-block-html\" data-block-type=\"2\" data-border-radii=\"{&quot;topLeft&quot;:{&quot;unit&quot;:&quot;px&quot;,&quot;value&quot;:0.0},&quot;topRight&quot;:{&quot;unit&quot;:&quot;px&quot;,&quot;value&quot;:0.0},&quot;bottomLeft&quot;:{&quot;unit&quot;:&quot;px&quot;,&quot;value&quot;:0.0},&quot;bottomRight&quot;:{&quot;unit&quot;:&quot;px&quot;,&quot;value&quot;:0.0}}\"><div class=\"sqs-block-content\"><div class=\"sqs-html-content\"><p class=\"preFade fadeIn\">Wszystkie nasze kreacje s\u0105 proste. Nie ma w nich nic zb\u0119dnego.<\/p><\/div><\/div><\/div><\/div>\t\t\t\t\t\t\t\t<\/div>\n\t\t\t\t<\/div>\n\t\t\t\t<\/div>\n\t\t<div class=\"elementor-element elementor-element-88b7c28 e-con-full e-flex e-con e-child\" data-id=\"88b7c28\" data-element_type=\"container\" data-e-type=\"container\">\n\t\t\t\t<div class=\"elementor-element elementor-element-86fa688 elementor-widget elementor-widget-heading\" data-id=\"86fa688\" data-element_type=\"widget\" data-e-type=\"widget\" data-widget_type=\"heading.default\">\n\t\t\t\t<div class=\"elementor-widget-container\">\n\t\t\t\t\t<h2 class=\"elementor-heading-title elementor-size-default\">Jako\u015b\u0107<\/h2>\t\t\t\t<\/div>\n\t\t\t\t<\/div>\n\t\t\t\t<div class=\"elementor-element elementor-element-706d88f elementor-widget elementor-widget-text-editor\" data-id=\"706d88f\" data-element_type=\"widget\" data-e-type=\"widget\" data-widget_type=\"text-editor.default\">\n\t\t\t\t<div class=\"elementor-widget-container\">\n\t\t\t\t\t\t\t\t\t<p class=\"preFade fadeIn\">Je\u015bli jako\u015b\u0107 naszych produkt\u00f3w nie b\u0119dzie doskona\u0142a, z przyjemno\u015bci\u0105 zwr\u00f3cimy Ci pieni\u0105dze.<\/p>\t\t\t\t\t\t\t\t<\/div>\n\t\t\t\t<\/div>\n\t\t\t\t<\/div>\n\t\t\t\t<\/div>\n\t\t\t\t\t<\/div>\n\t\t\t\t<\/div>\n\t\t\t\t<\/div>\n\t\t<div class=\"elementor-element elementor-element-9d75c79 e-con-full e-flex e-con e-parent\" data-id=\"9d75c79\" data-element_type=\"container\" data-e-type=\"container\" data-settings=\"{&quot;background_background&quot;:&quot;classic&quot;}\">\n\t\t\t\t<div class=\"elementor-element elementor-element-46f857b elementor-widget__width-inherit elementor-widget elementor-widget-image\" data-id=\"46f857b\" data-element_type=\"widget\" data-e-type=\"widget\" data-widget_type=\"image.default\">\n\t\t\t\t<div class=\"elementor-widget-container\">\n\t\t\t\t\t\t\t\t\t\t\t\t\t\t\t<img decoding=\"async\" width=\"2500\" height=\"1667\" src=\"https:\/\/hikkistore.com\/wp-content\/uploads\/2025\/01\/3T7A9108-1.jpg\" class=\"attachment-full size-full wp-image-1619\" alt=\"\" srcset=\"https:\/\/hikkistore.com\/wp-content\/uploads\/2025\/01\/3T7A9108-1.jpg 2500w, https:\/\/hikkistore.com\/wp-content\/uploads\/2025\/01\/3T7A9108-1-300x200.jpg 300w, https:\/\/hikkistore.com\/wp-content\/uploads\/2025\/01\/3T7A9108-1-1024x683.jpg 1024w, https:\/\/hikkistore.com\/wp-content\/uploads\/2025\/01\/3T7A9108-1-768x512.jpg 768w, https:\/\/hikkistore.com\/wp-content\/uploads\/2025\/01\/3T7A9108-1-1536x1024.jpg 1536w, https:\/\/hikkistore.com\/wp-content\/uploads\/2025\/01\/3T7A9108-1-2048x1366.jpg 2048w, https:\/\/hikkistore.com\/wp-content\/uploads\/2025\/01\/3T7A9108-1-18x12.jpg 18w, https:\/\/hikkistore.com\/wp-content\/uploads\/2025\/01\/3T7A9108-1-600x400.jpg 600w, https:\/\/hikkistore.com\/wp-content\/uploads\/2025\/01\/3T7A9108-1-100x67.jpg 100w\" sizes=\"(max-width: 2500px) 100vw, 2500px\" \/>\t\t\t\t\t\t\t\t\t\t\t\t\t\t\t<\/div>\n\t\t\t\t<\/div>\n\t\t\t\t<div class=\"elementor-element elementor-element-057dfd4 elementor-widget__width-inherit elementor-widget elementor-widget-heading\" data-id=\"057dfd4\" data-element_type=\"widget\" data-e-type=\"widget\" data-widget_type=\"heading.default\">\n\t\t\t\t<div class=\"elementor-widget-container\">\n\t\t\t\t\t<h1 class=\"elementor-heading-title elementor-size-default\">\"Moda to architektura. To kwestia proporcji\".<\/h1>\t\t\t\t<\/div>\n\t\t\t\t<\/div>\n\t\t\t\t<div class=\"elementor-element elementor-element-518374f elementor-widget__width-inherit elementor-widget elementor-widget-heading\" data-id=\"518374f\" data-element_type=\"widget\" data-e-type=\"widget\" data-widget_type=\"heading.default\">\n\t\t\t\t<div class=\"elementor-widget-container\">\n\t\t\t\t\t<h1 class=\"elementor-heading-title elementor-size-default\">Coco Chanel<\/h1>\t\t\t\t<\/div>\n\t\t\t\t<\/div>\n\t\t\t\t<\/div>\n\t\t<div class=\"elementor-element elementor-element-b181393 e-con-full e-flex e-con e-parent\" data-id=\"b181393\" data-element_type=\"container\" data-e-type=\"container\" data-settings=\"{&quot;background_background&quot;:&quot;classic&quot;}\">\n\t\t<div class=\"elementor-element elementor-element-8fbae19 e-flex e-con-boxed e-con e-child\" data-id=\"8fbae19\" data-element_type=\"container\" data-e-type=\"container\">\n\t\t\t\t\t<div class=\"e-con-inner\">\n\t\t\t\t<div class=\"elementor-element elementor-element-df5333d elementor-widget__width-inherit elementor-widget elementor-widget-heading\" data-id=\"df5333d\" data-element_type=\"widget\" data-e-type=\"widget\" data-widget_type=\"heading.default\">\n\t\t\t\t<div class=\"elementor-widget-container\">\n\t\t\t\t\t<h1 class=\"elementor-heading-title elementor-size-default\">Nasza historia<\/h1>\t\t\t\t<\/div>\n\t\t\t\t<\/div>\n\t\t\t\t<div class=\"elementor-element elementor-element-3cc3520 about-light-text elementor-widget elementor-widget-text-editor\" data-id=\"3cc3520\" data-element_type=\"widget\" data-e-type=\"widget\" data-widget_type=\"text-editor.default\">\n\t\t\t\t<div class=\"elementor-widget-container\">\n\t\t\t\t\t\t\t\t\tKasia jest absolwentk\u0105 architektury. Od zawsze kocha\u0142a kreatywno\u015b\u0107, ceni\u0142a dobre rzemios\u0142o i przywi\u0105zywa\u0142a du\u017c\u0105 wag\u0119 do detali. Zajmowa\u0142o j\u0105 projektowanie wszelkiego rodzaju; od o\u015bwietlenia, po meble i wn\u0119trza, ale dopiero niedawno odkry\u0142a swoj\u0105 pasj\u0119 do projektowania mody.\t\t\t\t\t\t\t\t<\/div>\n\t\t\t\t<\/div>\n\t\t\t\t<div class=\"elementor-element elementor-element-3abb808 about-light-text elementor-widget elementor-widget-text-editor\" data-id=\"3abb808\" data-element_type=\"widget\" data-e-type=\"widget\" data-widget_type=\"text-editor.default\">\n\t\t\t\t<div class=\"elementor-widget-container\">\n\t\t\t\t\t\t\t\t\tW 2020 roku kupi\u0142a swoj\u0105 pierwsz\u0105 maszyn\u0119 do szycia i tak to si\u0119 wszystko zacz\u0119\u0142o. Pocz\u0105tkowo eksperymentowa\u0142a tylko z tworzeniem osobistej odzie\u017cy, ale jej przyjaciele i rodzina do\u015b\u0107 szybko polubili jej produkty. W 2023 roku postanowi\u0142a za\u0142o\u017cy\u0107 w\u0142asn\u0105 mark\u0119.\t\t\t\t\t\t\t\t<\/div>\n\t\t\t\t<\/div>\n\t\t\t\t<div class=\"elementor-element elementor-element-d7a0f9a about-light-text elementor-widget elementor-widget-text-editor\" data-id=\"d7a0f9a\" data-element_type=\"widget\" data-e-type=\"widget\" data-widget_type=\"text-editor.default\">\n\t\t\t\t<div class=\"elementor-widget-container\">\n\t\t\t\t\t\t\t\t\tObecnie mieszka w Gdyni, pr\u00f3buj\u0105c pogodzi\u0107 \u017cycie i prac\u0119 z opiek\u0105 nad kotem.\t\t\t\t\t\t\t\t<\/div>\n\t\t\t\t<\/div>\n\t\t\t\t\t<\/div>\n\t\t\t\t<\/div>\n\t\t\t\t<div class=\"elementor-element elementor-element-beb2311 elementor-widget__width-inherit elementor-widget elementor-widget-image\" data-id=\"beb2311\" data-element_type=\"widget\" data-e-type=\"widget\" data-widget_type=\"image.default\">\n\t\t\t\t<div class=\"elementor-widget-container\">\n\t\t\t\t\t\t\t\t\t\t\t\t\t\t\t<img decoding=\"async\" width=\"1920\" height=\"2560\" src=\"https:\/\/hikkistore.com\/wp-content\/uploads\/2025\/01\/3T7A8521kopia-1-3-scaled.jpg\" class=\"attachment-full size-full wp-image-1599\" alt=\"\" srcset=\"https:\/\/hikkistore.com\/wp-content\/uploads\/2025\/01\/3T7A8521kopia-1-3-scaled.jpg 1920w, https:\/\/hikkistore.com\/wp-content\/uploads\/2025\/01\/3T7A8521kopia-1-3-225x300.jpg 225w, https:\/\/hikkistore.com\/wp-content\/uploads\/2025\/01\/3T7A8521kopia-1-3-768x1024.jpg 768w, https:\/\/hikkistore.com\/wp-content\/uploads\/2025\/01\/3T7A8521kopia-1-3-1152x1536.jpg 1152w, https:\/\/hikkistore.com\/wp-content\/uploads\/2025\/01\/3T7A8521kopia-1-3-1536x2048.jpg 1536w, https:\/\/hikkistore.com\/wp-content\/uploads\/2025\/01\/3T7A8521kopia-1-3-9x12.jpg 9w, https:\/\/hikkistore.com\/wp-content\/uploads\/2025\/01\/3T7A8521kopia-1-3-600x800.jpg 600w, https:\/\/hikkistore.com\/wp-content\/uploads\/2025\/01\/3T7A8521kopia-1-3-100x133.jpg 100w\" sizes=\"(max-width: 1920px) 100vw, 1920px\" \/>\t\t\t\t\t\t\t\t\t\t\t\t\t\t\t<\/div>\n\t\t\t\t<\/div>\n\t\t\t\t<\/div>\n\t\t\t\t<\/div>","protected":false},"excerpt":{"rendered":"<p>Our Philosophy In minimalism we trust. HIKKI offers ready-to-wear luxury clothing, with timeless designs and a colour palette that transcendents [&hellip;]<\/p>\n","protected":false},"author":2,"featured_media":0,"parent":0,"menu_order":0,"comment_status":"closed","ping_status":"closed","template":"elementor_header_footer","meta":{"site-sidebar-layout":"no-sidebar","site-content-layout":"","ast-site-content-layout":"full-width-container","site-content-style":"default","site-sidebar-style":"default","ast-global-header-display":"","ast-banner-title-visibility":"","ast-main-header-display":"","ast-hfb-above-header-display":"","ast-hfb-below-header-display":"","ast-hfb-mobile-header-display":"","site-post-title":"disabled","ast-breadcrumbs-content":"","ast-featured-img":"disabled","footer-sml-layout":"","ast-disable-related-posts":"","theme-transparent-header-meta":"","adv-header-id-meta":"","stick-header-meta":"","header-above-stick-meta":"","header-main-stick-meta":"","header-below-stick-meta":"","astra-migrate-meta-layouts":"default","ast-page-background-enabled":"default","ast-page-background-meta":{"desktop":{"background-color":"var(--ast-global-color-4)","background-image":"","background-repeat":"repeat","background-position":"center center","background-size":"auto","background-attachment":"scroll","background-type":"","background-media":"","overlay-type":"","overlay-color":"","overlay-opacity":"","overlay-gradient":""},"tablet":{"background-color":"","background-image":"","background-repeat":"repeat","background-position":"center center","background-size":"auto","background-attachment":"scroll","background-type":"","background-media":"","overlay-type":"","overlay-color":"","overlay-opacity":"","overlay-gradient":""},"mobile":{"background-color":"","background-image":"","background-repeat":"repeat","background-position":"center center","background-size":"auto","background-attachment":"scroll","background-type":"","background-media":"","overlay-type":"","overlay-color":"","overlay-opacity":"","overlay-gradient":""}},"ast-content-background-meta":{"desktop":{"background-color":"var(--ast-global-color-5)","background-image":"","background-repeat":"repeat","background-position":"center center","background-size":"auto","background-attachment":"scroll","background-type":"","background-media":"","overlay-type":"","overlay-color":"","overlay-opacity":"","overlay-gradient":""},"tablet":{"background-color":"var(--ast-global-color-5)","background-image":"","background-repeat":"repeat","background-position":"center center","background-size":"auto","background-attachment":"scroll","background-type":"","background-media":"","overlay-type":"","overlay-color":"","overlay-opacity":"","overlay-gradient":""},"mobile":{"background-color":"var(--ast-global-color-5)","background-image":"","background-repeat":"repeat","background-position":"center center","background-size":"auto","background-attachment":"scroll","background-type":"","background-media":"","overlay-type":"","overlay-color":"","overlay-opacity":"","overlay-gradient":""}},"footnotes":""},"class_list":["post-1","page","type-page","status-publish","hentry"],"rttpg_featured_image_url":null,"rttpg_author":{"display_name":"elina","author_link":"https:\/\/hikkistore.com\/pl\/author\/elina\/"},"rttpg_comment":0,"rttpg_category":null,"rttpg_excerpt":"Our Philosophy In minimalism we trust. HIKKI offers ready-to-wear luxury clothing, with timeless designs and a colour palette that transcendents [&hellip;]","_links":{"self":[{"href":"https:\/\/hikkistore.com\/pl\/wp-json\/wp\/v2\/pages\/1","targetHints":{"allow":["GET"]}}],"collection":[{"href":"https:\/\/hikkistore.com\/pl\/wp-json\/wp\/v2\/pages"}],"about":[{"href":"https:\/\/hikkistore.com\/pl\/wp-json\/wp\/v2\/types\/page"}],"author":[{"embeddable":true,"href":"https:\/\/hikkistore.com\/pl\/wp-json\/wp\/v2\/users\/2"}],"replies":[{"embeddable":true,"href":"https:\/\/hikkistore.com\/pl\/wp-json\/wp\/v2\/comments?post=1"}],"version-history":[{"count":53,"href":"https:\/\/hikkistore.com\/pl\/wp-json\/wp\/v2\/pages\/1\/revisions"}],"predecessor-version":[{"id":1641,"href":"https:\/\/hikkistore.com\/pl\/wp-json\/wp\/v2\/pages\/1\/revisions\/1641"}],"wp:attachment":[{"href":"https:\/\/hikkistore.com\/pl\/wp-json\/wp\/v2\/media?parent=1"}],"curies":[{"name":"wp","href":"https:\/\/api.w.org\/{rel}","templated":true}]}}